{"id":55,"date":"2024-09-25T10:31:18","date_gmt":"2024-09-25T09:31:18","guid":{"rendered":"https:\/\/rs.umc.edu.dz\/cati\/about\/"},"modified":"2024-10-02T11:46:47","modified_gmt":"2024-10-02T10:46:47","slug":"about","status":"publish","type":"page","link":"https:\/\/rs.umc.edu.dz\/cati\/about\/","title":{"rendered":"About"},"content":{"rendered":"\n<div class=\"wp-block-uagb-container uagb-block-41700def alignfull uagb-is-root-container\"><div class=\"uagb-container-inner-blocks-wrap\">\n<div class=\"wp-block-uagb-advanced-heading uagb-block-02771c86\"><h1 class=\"uagb-heading-text\">Cati &#8211; Innovation<\/h1><p class=\"uagb-desc-text\">Soutenir le d\u00e9veloppement technologique et l&rsquo;innovation. Cr\u00e9er un \u00e9cosyst\u00e8me dynamique pour les id\u00e9es novatrices.<\/p><\/div>\n<\/div><\/div>\n\n\n\n<div class=\"wp-block-uagb-container uagb-block-6a29494b alignfull uagb-is-root-container\"><div class=\"uagb-container-inner-blocks-wrap\">\n<div class=\"wp-block-uagb-container uagb-block-a30e429e\">\n<div class=\"wp-block-uagb-advanced-heading uagb-block-0792c003\"><h2 class=\"uagb-heading-text\">Qui sommes-nous ?<\/h2><\/div>\n<\/div>\n\n\n\n<div class=\"wp-block-uagb-container uagb-block-7de03810\">\n<div class=\"wp-block-uagb-advanced-heading uagb-block-0dc249b4\"><p class=\"uagb-desc-text\">Le Centre d&rsquo;Appui \u00e0 la Technologie et \u00e0 l&rsquo;Innovation (CATI) est une entit\u00e9 institutionnelle, affili\u00e9e \u00e0 l\u2019universit\u00e9, ayant pour mission de soutenir et de promouvoir le d\u00e9veloppement technologique et l&rsquo;innovation. Ce centre vise \u00e0 cr\u00e9er un \u00e9cosyst\u00e8me dynamique et favorable \u00e0 l&rsquo;innovation et joue un r\u00f4le crucial dans la cr\u00e9ation d&rsquo;un environnement propice \u00e0 l&rsquo;\u00e9mergence d&rsquo;id\u00e9es innovatrices, \u00e0 la recherche scientifique et \u00e0 la transformation de ces id\u00e9es en projets concrets. Son engagement se manifeste notamment dans le soutien aux \u00e9tudiants pour exploiter leur potentiel innovant et assurer la cr\u00e9ation, la protection, et la gestion de leurs droits de propri\u00e9t\u00e9 intellectuelle.<\/p><\/div>\n\n\n\n<div class=\"wp-block-uagb-advanced-heading uagb-block-96dbba2d\"><h2 class=\"uagb-heading-text\">Missions du CATI<\/h2><\/div>\n\n\n\n<ul class=\"wp-block-list\">\n<li>Accompagner des Innovateurs et fournir un soutien aux porteurs de projets innovants, depuis la conceptualisation jusqu&rsquo;\u00e0 la concr\u00e9tisation.<\/li>\n\n\n\n<li>Assurer la protection des droits de propri\u00e9t\u00e9 intellectuelle des cr\u00e9ateurs, notamment via des brevets et des enregistrements.<\/li>\n\n\n\n<li>Organiser des sessions de formation sur la recherche d&rsquo;information, la protection de la propri\u00e9t\u00e9 intellectuelle et d&rsquo;autres aspects li\u00e9s \u00e0 l&rsquo;innovation.<\/li>\n\n\n\n<li>Faciliter l&rsquo;acc\u00e8s \u00e0 des ressources \u00e9lectroniques, notamment des bases de donn\u00e9es de brevets et de publications li\u00e9es \u00e0 la propri\u00e9t\u00e9 intellectuelle et industrielle.<\/li>\n\n\n\n<li>Encourager la coop\u00e9ration et l&rsquo;\u00e9change d&rsquo;exp\u00e9riences avec d&rsquo;autres entit\u00e9s et organes li\u00e9s \u00e0 l&rsquo;innovation et \u00e0 la technologie.<\/li>\n\n\n\n<li>Valoriser les r\u00e9sultats des innovations en collaboration avec l&rsquo;universit\u00e9 et d&rsquo;autres institutions.<\/li>\n<\/ul>\n<\/div>\n<\/div><\/div>\n\n\n\n<div class=\"wp-block-uagb-container uagb-block-a1bf8aff alignfull uagb-is-root-container\"><div class=\"uagb-container-inner-blocks-wrap\">\n<div class=\"wp-block-uagb-image aligncenter uagb-block-9bfca074 wp-block-uagb-image--layout-default wp-block-uagb-image--effect-static wp-block-uagb-image--align-center\"><figure class=\"wp-block-uagb-image__figure\"><img decoding=\"async\" srcset=\"https:\/\/rs.umc.edu.dz\/cati\/wp-content\/uploads\/2024\/09\/pexels-photo-4623489.jpeg ,https:\/\/rs.umc.edu.dz\/cati\/wp-content\/uploads\/2024\/09\/pexels-photo-4623489.jpeg 780w, https:\/\/rs.umc.edu.dz\/cati\/wp-content\/uploads\/2024\/09\/pexels-photo-4623489.jpeg 360w\" sizes=\"auto, (max-width: 480px) 150px\" src=\"https:\/\/rs.umc.edu.dz\/cati\/wp-content\/uploads\/2024\/09\/pexels-photo-4623489.jpeg\" alt=\"\" class=\"uag-image-11\" width=\"1200\" height=\"500\" title=\"\" loading=\"lazy\" role=\"img\"\/><\/figure><\/div>\n<\/div><\/div>\n\n\n\n<div class=\"wp-block-uagb-container uagb-block-aad05072 alignfull uagb-is-root-container\"><div class=\"uagb-container-inner-blocks-wrap\">\n<div class=\"wp-block-uagb-container uagb-block-d6366cc2 alignfull uagb-is-root-container\"><div class=\"uagb-container-inner-blocks-wrap\">\n<div class=\"wp-block-uagb-advanced-heading uagb-block-30ea4553\"><h2 class=\"uagb-heading-text\">Objectifs du CATI<\/h2><\/div>\n\n\n\n<div class=\"wp-block-uagb-buttons uagb-buttons__outer-wrap uagb-btn__default-btn uagb-btn-tablet__default-btn uagb-btn-mobile__default-btn uagb-block-8b9cfdc4\"><div class=\"uagb-buttons__wrap uagb-buttons-layout-wrap \">\n<div class=\"wp-block-uagb-buttons-child uagb-buttons__outer-wrap uagb-block-3f6bac1c wp-block-button\"><div class=\"uagb-button__wrapper\"><a class=\"uagb-buttons-repeater wp-block-button__link\" aria-label=\"\" href=\"contact\/\" rel=\"follow noopener\" target=\"_self\" role=\"button\"><div class=\"uagb-button__link\">Commencez maintenant<\/div><\/a><\/div><\/div>\n<\/div><\/div>\n<\/div><\/div>\n\n\n\n<div class=\"wp-block-uagb-container uagb-block-e78a878f alignfull uagb-is-root-container\"><div class=\"uagb-container-inner-blocks-wrap\">\n<div class=\"wp-block-uagb-info-box uagb-block-ea7b5f16 uagb-infobox__content-wrap  uagb-infobox-icon-above-title uagb-infobox-image-valign-top\"><div class=\"uagb-ifb-content\"><div class=\"uagb-ifb-title-wrap\"><span class=\"uagb-ifb-title-prefix\">01<\/span><h3 class=\"uagb-ifb-title\">Soutenir  l&rsquo;innovation<\/h3><\/div><p class=\"uagb-ifb-desc\">Encourager et soutenir le d\u00e9veloppement de l&rsquo;innovation au sein de la communaut\u00e9 universitaire.<\/p><\/div><\/div>\n\n\n\n<div class=\"wp-block-uagb-info-box uagb-block-90d8542d uagb-infobox__content-wrap  uagb-infobox-icon-above-title uagb-infobox-image-valign-top\"><div class=\"uagb-ifb-content\"><div class=\"uagb-ifb-title-wrap\"><span class=\"uagb-ifb-title-prefix\">02<\/span><h3 class=\"uagb-ifb-title\">Informer et sensibiliser<\/h3><\/div><p class=\"uagb-ifb-desc\">Dispenser des formations et sensibiliser les \u00e9tudiants, enseignants et chercheurs aux enjeux de la propri\u00e9t\u00e9 intellectuelle et industrielle.<\/p><\/div><\/div>\n\n\n\n<div class=\"wp-block-uagb-info-box uagb-block-ca8cb9b2 uagb-infobox__content-wrap  uagb-infobox-icon-above-title uagb-infobox-image-valign-top\"><div class=\"uagb-ifb-content\"><div class=\"uagb-ifb-title-wrap\"><span class=\"uagb-ifb-title-prefix\">03<\/span><h3 class=\"uagb-ifb-title\">Fournir un environnement appropri\u00e9<\/h3><\/div><p class=\"uagb-ifb-desc\">Favoriser la recherche scientifique en cr\u00e9ant un environnement propice \u00e0 l&rsquo;\u00e9mergence de nouvelles id\u00e9es et technologies.<\/p><\/div><\/div>\n<\/div><\/div>\n<\/div><\/div>\n\n\n\n<div class=\"wp-block-uagb-container uagb-block-d5875940 alignfull uagb-is-root-container\"><div class=\"uagb-container-inner-blocks-wrap\">\n<div class=\"wp-block-uagb-advanced-heading uagb-block-6ffd615a\"><h2 class=\"uagb-heading-text\">Rencontrez notre \u00e9quipe d&rsquo;experts<\/h2><\/div>\n\n\n\n<div class=\"wp-block-uagb-container uagb-block-157f29c7 alignfull uagb-is-root-container\"><div class=\"uagb-container-inner-blocks-wrap\">\n<div class=\"wp-block-uagb-container uagb-block-ecfbaf64\">\n<div class=\"wp-block-uagb-image alignleft uagb-block-37e7dfb5 wp-block-uagb-image--layout-default wp-block-uagb-image--effect-static wp-block-uagb-image--align-left\"><figure class=\"wp-block-uagb-image__figure\"><img decoding=\"async\" srcset=\"https:\/\/rs.umc.edu.dz\/cati\/wp-content\/uploads\/2024\/10\/OIP-copie1.jpg ,https:\/\/rs.umc.edu.dz\/cati\/wp-content\/uploads\/2024\/10\/OIP-copie1.jpg 780w, https:\/\/rs.umc.edu.dz\/cati\/wp-content\/uploads\/2024\/10\/OIP-copie1.jpg 360w\" sizes=\"auto, (max-width: 480px) 150px\" src=\"https:\/\/rs.umc.edu.dz\/cati\/wp-content\/uploads\/2024\/10\/OIP-copie1.jpg\" alt=\"\" class=\"uag-image-790\" width=\"347\" height=\"380\" title=\"OIP copie1\" loading=\"lazy\" role=\"img\"\/><\/figure><\/div>\n\n\n\n<div class=\"wp-block-uagb-advanced-heading uagb-block-4fee11bd\"><h3 class=\"uagb-heading-text\">B X<\/h3><p class=\"uagb-desc-text\">Directeur du centre<\/p><\/div>\n<\/div>\n\n\n\n<div class=\"wp-block-uagb-container uagb-block-bb4fd541\">\n<div class=\"wp-block-uagb-image alignleft uagb-block-6fd2d735 wp-block-uagb-image--layout-default wp-block-uagb-image--effect-static wp-block-uagb-image--align-left\"><figure class=\"wp-block-uagb-image__figure\"><img decoding=\"async\" srcset=\"https:\/\/rs.umc.edu.dz\/cati\/wp-content\/uploads\/2024\/10\/OIP-copie.jpg ,https:\/\/rs.umc.edu.dz\/cati\/wp-content\/uploads\/2024\/10\/OIP-copie.jpg 780w, https:\/\/rs.umc.edu.dz\/cati\/wp-content\/uploads\/2024\/10\/OIP-copie.jpg 360w\" sizes=\"auto, (max-width: 480px) 150px\" src=\"https:\/\/rs.umc.edu.dz\/cati\/wp-content\/uploads\/2024\/10\/OIP-copie.jpg\" alt=\"\" class=\"uag-image-792\" width=\"357\" height=\"380\" title=\"OIP copie\" loading=\"lazy\" role=\"img\"\/><\/figure><\/div>\n\n\n\n<div class=\"wp-block-uagb-advanced-heading uagb-block-73091e37\"><h3 class=\"uagb-heading-text\">B X<\/h3><p class=\"uagb-desc-text\">Directeur du centre<\/p><\/div>\n<\/div>\n\n\n\n<div class=\"wp-block-uagb-container uagb-block-e0ac47fe\">\n<div class=\"wp-block-uagb-image alignleft uagb-block-2f5e90f8 wp-block-uagb-image--layout-default wp-block-uagb-image--effect-static wp-block-uagb-image--align-left\"><figure class=\"wp-block-uagb-image__figure\"><img decoding=\"async\" srcset=\"https:\/\/rs.umc.edu.dz\/cati\/wp-content\/uploads\/2024\/10\/OIP-copie1.jpg ,https:\/\/rs.umc.edu.dz\/cati\/wp-content\/uploads\/2024\/10\/OIP-copie1.jpg 780w, https:\/\/rs.umc.edu.dz\/cati\/wp-content\/uploads\/2024\/10\/OIP-copie1.jpg 360w\" sizes=\"auto, (max-width: 480px) 150px\" src=\"https:\/\/rs.umc.edu.dz\/cati\/wp-content\/uploads\/2024\/10\/OIP-copie1.jpg\" alt=\"\" class=\"uag-image-790\" width=\"353\" height=\"380\" title=\"OIP copie1\" loading=\"lazy\" role=\"img\"\/><\/figure><\/div>\n\n\n\n<div class=\"wp-block-uagb-advanced-heading uagb-block-e45d7755\"><h3 class=\"uagb-heading-text\">B X<\/h3><p class=\"uagb-desc-text\">Directeur du centre<\/p><\/div>\n<\/div>\n<\/div><\/div>\n<\/div><\/div>\n\n\n\n<div class=\"wp-block-uagb-container uagb-block-cb5dcb1f alignfull uagb-is-root-container\"><div class=\"uagb-container-inner-blocks-wrap\">\n<div class=\"wp-block-uagb-info-box uagb-block-d7cdb03b uagb-infobox__content-wrap  uagb-infobox-icon-above-title uagb-infobox-image-valign-top\"><div class=\"uagb-ifb-content\"><div class=\"uagb-ifb-title-wrap\"><h2 class=\"uagb-ifb-title\">Transformez vos id\u00e9es aujourd&rsquo;hui<\/h2><\/div><p class=\"uagb-ifb-desc\">N&rsquo;attendez plus pour donner vie \u00e0 vos projets innovants. Rejoignez CATI et optimisez vos chances de succ\u00e8s.<\/p><div class=\"uagb-ifb-button-wrapper wp-block-button\"><a href=\"\/cati\/contact\/\" class=\"uagb-infobox-cta-link wp-block-button__link\" target=\"_self\" rel=\"noopener noreferrer\" onclick=\"return true;\"><span class=\"uagb-inline-editing\">Commencez maintenant<\/span><\/a><\/div><\/div><\/div>\n<\/div><\/div>\n","protected":false},"excerpt":{"rendered":"<p>Cati &#8211; Innovation Soutenir le d\u00e9veloppement technologique et l&rsquo;innovation. Cr\u00e9er un \u00e9cosyst\u00e8me dynamique pour les id\u00e9es novatrices. Qui sommes-nous ? Le Centre d&rsquo;Appui \u00e0 la Technologie et \u00e0 l&rsquo;Innovation (CATI) est une entit\u00e9 institutionnelle, affili\u00e9e \u00e0 l\u2019universit\u00e9, ayant pour mission de soutenir et de promouvoir le d\u00e9veloppement technologique et l&rsquo;innovation. Ce centre vise \u00e0 cr\u00e9er [&hellip;]<\/p>\n","protected":false},"author":1,"featured_media":0,"parent":0,"menu_order":0,"comment_status":"closed","ping_status":"closed","template":"","meta":{"_uag_custom_page_level_css":"","site-sidebar-layout":"no-sidebar","site-content-layout":"plain-container","ast-site-content-layout":"full-width-container","site-content-style":"unboxed","site-sidebar-style":"unboxed","ast-global-header-display":"","ast-banner-title-visibility":"","ast-main-header-display":"","ast-hfb-above-header-display":"","ast-hfb-below-header-display":"","ast-hfb-mobile-header-display":"","site-post-title":"disabled","ast-breadcrumbs-content":"","ast-featured-img":"","footer-sml-layout":"","theme-transparent-header-meta":"enabled","adv-header-id-meta":"","stick-header-meta":"","header-above-stick-meta":"","header-main-stick-meta":"","header-below-stick-meta":"","astra-migrate-meta-layouts":"set","ast-page-background-enabled":"default","ast-page-background-meta":{"desktop":{"background-color":"var(--ast-global-color-4)","background-image":"","background-repeat":"repeat","background-position":"center center","background-size":"auto","background-attachment":"scroll","background-type":"","background-media":"","overlay-type":"","overlay-color":"","overlay-opacity":"","overlay-gradient":""},"tablet":{"background-color":"","background-image":"","background-repeat":"repeat","background-position":"center center","background-size":"auto","background-attachment":"scroll","background-type":"","background-media":"","overlay-type":"","overlay-color":"","overlay-opacity":"","overlay-gradient":""},"mobile":{"background-color":"","background-image":"","background-repeat":"repeat","background-position":"center center","background-size":"auto","background-attachment":"scroll","background-type":"","background-media":"","overlay-type":"","overlay-color":"","overlay-opacity":"","overlay-gradient":""}},"ast-content-background-meta":{"desktop":{"background-color":"var(--ast-global-color-5)","background-image":"","background-repeat":"repeat","background-position":"center center","background-size":"auto","background-attachment":"scroll","background-type":"","background-media":"","overlay-type":"","overlay-color":"","overlay-opacity":"","overlay-gradient":""},"tablet":{"background-color":"var(--ast-global-color-5)","background-image":"","background-repeat":"repeat","background-position":"center center","background-size":"auto","background-attachment":"scroll","background-type":"","background-media":"","overlay-type":"","overlay-color":"","overlay-opacity":"","overlay-gradient":""},"mobile":{"background-color":"var(--ast-global-color-5)","background-image":"","background-repeat":"repeat","background-position":"center center","background-size":"auto","background-attachment":"scroll","background-type":"","background-media":"","overlay-type":"","overlay-color":"","overlay-opacity":"","overlay-gradient":""}},"footnotes":""},"class_list":["post-55","page","type-page","status-publish","hentry"],"uagb_featured_image_src":{"full":false,"thumbnail":false,"medium":false,"medium_large":false,"large":false,"1536x1536":false,"2048x2048":false},"uagb_author_info":{"display_name":"cati_admin","author_link":"https:\/\/rs.umc.edu.dz\/cati\/author\/cati_admin\/"},"uagb_comment_info":0,"uagb_excerpt":"Cati &#8211; Innovation Soutenir le d\u00e9veloppement technologique et l&rsquo;innovation. Cr\u00e9er un \u00e9cosyst\u00e8me dynamique pour les id\u00e9es novatrices. Qui sommes-nous ? Le Centre d&rsquo;Appui \u00e0 la Technologie et \u00e0 l&rsquo;Innovation (CATI) est une entit\u00e9 institutionnelle, affili\u00e9e \u00e0 l\u2019universit\u00e9, ayant pour mission de soutenir et de promouvoir le d\u00e9veloppement technologique et l&rsquo;innovation. Ce centre vise \u00e0 cr\u00e9er\u2026","_links":{"self":[{"href":"https:\/\/rs.umc.edu.dz\/cati\/wp-json\/wp\/v2\/pages\/55","targetHints":{"allow":["GET"]}}],"collection":[{"href":"https:\/\/rs.umc.edu.dz\/cati\/wp-json\/wp\/v2\/pages"}],"about":[{"href":"https:\/\/rs.umc.edu.dz\/cati\/wp-json\/wp\/v2\/types\/page"}],"author":[{"embeddable":true,"href":"https:\/\/rs.umc.edu.dz\/cati\/wp-json\/wp\/v2\/users\/1"}],"replies":[{"embeddable":true,"href":"https:\/\/rs.umc.edu.dz\/cati\/wp-json\/wp\/v2\/comments?post=55"}],"version-history":[{"count":13,"href":"https:\/\/rs.umc.edu.dz\/cati\/wp-json\/wp\/v2\/pages\/55\/revisions"}],"predecessor-version":[{"id":797,"href":"https:\/\/rs.umc.edu.dz\/cati\/wp-json\/wp\/v2\/pages\/55\/revisions\/797"}],"wp:attachment":[{"href":"https:\/\/rs.umc.edu.dz\/cati\/wp-json\/wp\/v2\/media?parent=55"}],"curies":[{"name":"wp","href":"https:\/\/api.w.org\/{rel}","templated":true}]}}