{"id":57,"date":"2024-09-25T10:31:18","date_gmt":"2024-09-25T09:31:18","guid":{"rendered":"https:\/\/rs.umc.edu.dz\/cati\/contact\/"},"modified":"2024-10-09T08:58:01","modified_gmt":"2024-10-09T07:58:01","slug":"contact","status":"publish","type":"page","link":"https:\/\/rs.umc.edu.dz\/cati\/contact\/","title":{"rendered":"Contact"},"content":{"rendered":"\n<div class=\"wp-block-uagb-container uagb-block-41700def alignfull uagb-is-root-container\"><div class=\"uagb-container-inner-blocks-wrap\">\n<div class=\"wp-block-uagb-advanced-heading uagb-block-02771c86\"><h1 class=\"uagb-heading-text\">Contactez-Nous<\/h1><p class=\"uagb-desc-text\">Nous sommes \u00e0 votre \u00e9coute. N&rsquo;h\u00e9sitez pas \u00e0 nous contacter pour toute demande d&rsquo;information.<\/p><\/div>\n<\/div><\/div>\n\n\n\n<div class=\"wp-block-uagb-container uagb-block-1b5e7d16 alignfull uagb-is-root-container\"><div class=\"uagb-container-inner-blocks-wrap\">\n<div class=\"wp-block-uagb-container uagb-block-d0e08a57\">\n<div class=\"wp-block-uagb-advanced-heading uagb-block-cbd4e5db\"><h2 class=\"uagb-heading-text\">Nous Joindre Facilement<\/h2><p class=\"uagb-desc-text\">Pour toute question ou suggestion, remplissez notre formulaire. Nous reviendrons vers vous rapidement.<\/p><\/div>\n\n\n\n<div class=\"wp-block-uagb-advanced-heading uagb-block-428336d5\"><div class=\"uagb-heading-text\">T\u00e9l\u00e9phone:<\/div><p class=\"uagb-desc-text\">0666666666<\/p><\/div>\n\n\n\n<div class=\"wp-block-uagb-advanced-heading uagb-block-989a56fe\"><div class=\"uagb-heading-text\">Email:<\/div><p class=\"uagb-desc-text\">cati@umc.edu.dz<\/p><\/div>\n\n\n\n<div class=\"wp-block-uagb-advanced-heading uagb-block-082b0e3e\"><div class=\"uagb-heading-text\">Adresse:<\/div><p class=\"uagb-desc-text\">Campus Ahmed HAMANI &#8211; Universit\u00e9 Fr\u00e8res Mentouri &#8211; Constantine 1<\/p><\/div>\n\n\n\n<div class=\"wp-block-uagb-advanced-heading uagb-block-7f9f5b3b\"><div class=\"uagb-heading-text\">Suivez-nous:<\/div><\/div>\n\n\n\n<div class=\"wp-block-uagb-icon-list uagb-block-8a0d5d90\"><div class=\"uagb-icon-list__wrap\">\n<div class=\"wp-block-uagb-icon-list-child uagb-block-8ad30110\"><a target=\"_blank\" aria-label=\"List item\" rel=\"noopener noreferrer\" href=\"https:\/\/www.facebook.com\/profile.php?id=61555383452878\"> <\/a><span class=\"uagb-icon-list__source-wrap\"><svg xmlns=\"https:\/\/www.w3.org\/2000\/svg\" viewBox=\"0 0 512 512\"><path d=\"M504 256C504 119 393 8 256 8S8 119 8 256c0 123.8 90.69 226.4 209.3 245V327.7h-63V256h63v-54.64c0-62.15 37-96.48 93.67-96.48 27.14 0 55.52 4.84 55.52 4.84v61h-31.28c-30.8 0-40.41 19.12-40.41 38.73V256h68.78l-11 71.69h-57.78V501C413.3 482.4 504 379.8 504 256z\"><\/path><\/svg><\/span><\/div>\n<\/div><\/div>\n<\/div>\n\n\n\t\t\t<div \n\t\t\tclass=\"wp-block-uagb-google-map uagb-google-map__wrap uagb-block-ed72d03b     \"\n\t\t\tstyle=\"\" >\n\t\t\t\t<embed\n\t\t\t\t\tclass=\"uagb-google-map__iframe\"\n\t\t\t\t\ttitle=\"Carte Google pour \"\n\t\t\t\t\tsrc=\"https:\/\/maps.google.com\/maps?q=Campus%20Ahmed%20HAMANI%20-%20Universit%C3%A9%20Fr%C3%A8res%20Mentouri%20-%20Constantine%201&#038;z=12&#038;hl=fr&#038;t=m&#038;output=embed&#038;iwloc=near\"\n\t\t\t\t\twidth=\"640\"\n\t\t\t\t\theight=\"413\"\n\t\t\t\t\tloading=\"lazy\"\n\t\t\t\t><\/embed>\n\t\t\t<\/div>\n\t\t\t<\/div><\/div>\n\n\n\n<div class=\"wp-block-uagb-container uagb-block-cb5dcb1f alignfull uagb-is-root-container\"><div class=\"uagb-container-inner-blocks-wrap\">\n<div class=\"wp-block-uagb-info-box uagb-block-d7cdb03b uagb-infobox__content-wrap  uagb-infobox-icon-above-title uagb-infobox-image-valign-top\"><div class=\"uagb-ifb-content\"><div class=\"uagb-ifb-title-wrap\"><h2 class=\"uagb-ifb-title\">Transformez vos id\u00e9es aujourd&rsquo;hui<\/h2><\/div><p class=\"uagb-ifb-desc\">N&rsquo;attendez plus pour donner vie \u00e0 vos projets innovants. Rejoignez CATI et optimisez vos chances de succ\u00e8s.<\/p><div class=\"uagb-ifb-button-wrapper wp-block-button\"><a href=\"\/cati\/contact\/\" class=\"uagb-infobox-cta-link wp-block-button__link\" target=\"_self\" rel=\"noopener noreferrer\" onclick=\"return true;\"><span class=\"uagb-inline-editing\">Commencez maintenant<\/span><\/a><\/div><\/div><\/div>\n<\/div><\/div>\n","protected":false},"excerpt":{"rendered":"<p>Contactez-Nous Nous sommes \u00e0 votre \u00e9coute. N&rsquo;h\u00e9sitez pas \u00e0 nous contacter pour toute demande d&rsquo;information. Nous Joindre Facilement Pour toute question ou suggestion, remplissez notre formulaire. Nous reviendrons vers vous rapidement. T\u00e9l\u00e9phone: 0666666666 Email: cati@umc.edu.dz Adresse: Campus Ahmed HAMANI &#8211; Universit\u00e9 Fr\u00e8res Mentouri &#8211; Constantine 1 Suivez-nous:<\/p>\n","protected":false},"author":1,"featured_media":0,"parent":0,"menu_order":0,"comment_status":"closed","ping_status":"closed","template":"","meta":{"_uag_custom_page_level_css":"","site-sidebar-layout":"no-sidebar","site-content-layout":"plain-container","ast-site-content-layout":"full-width-container","site-content-style":"unboxed","site-sidebar-style":"unboxed","ast-global-header-display":"","ast-banner-title-visibility":"","ast-main-header-display":"","ast-hfb-above-header-display":"","ast-hfb-below-header-display":"","ast-hfb-mobile-header-display":"","site-post-title":"disabled","ast-breadcrumbs-content":"","ast-featured-img":"","footer-sml-layout":"","theme-transparent-header-meta":"enabled","adv-header-id-meta":"","stick-header-meta":"","header-above-stick-meta":"","header-main-stick-meta":"","header-below-stick-meta":"","astra-migrate-meta-layouts":"set","ast-page-background-enabled":"default","ast-page-background-meta":{"desktop":{"background-color":"var(--ast-global-color-4)","background-image":"","background-repeat":"repeat","background-position":"center center","background-size":"auto","background-attachment":"scroll","background-type":"","background-media":"","overlay-type":"","overlay-color":"","overlay-opacity":"","overlay-gradient":""},"tablet":{"background-color":"","background-image":"","background-repeat":"repeat","background-position":"center center","background-size":"auto","background-attachment":"scroll","background-type":"","background-media":"","overlay-type":"","overlay-color":"","overlay-opacity":"","overlay-gradient":""},"mobile":{"background-color":"","background-image":"","background-repeat":"repeat","background-position":"center center","background-size":"auto","background-attachment":"scroll","background-type":"","background-media":"","overlay-type":"","overlay-color":"","overlay-opacity":"","overlay-gradient":""}},"ast-content-background-meta":{"desktop":{"background-color":"var(--ast-global-color-5)","background-image":"","background-repeat":"repeat","background-position":"center center","background-size":"auto","background-attachment":"scroll","background-type":"","background-media":"","overlay-type":"","overlay-color":"","overlay-opacity":"","overlay-gradient":""},"tablet":{"background-color":"var(--ast-global-color-5)","background-image":"","background-repeat":"repeat","background-position":"center center","background-size":"auto","background-attachment":"scroll","background-type":"","background-media":"","overlay-type":"","overlay-color":"","overlay-opacity":"","overlay-gradient":""},"mobile":{"background-color":"var(--ast-global-color-5)","background-image":"","background-repeat":"repeat","background-position":"center center","background-size":"auto","background-attachment":"scroll","background-type":"","background-media":"","overlay-type":"","overlay-color":"","overlay-opacity":"","overlay-gradient":""}},"footnotes":""},"class_list":["post-57","page","type-page","status-publish","hentry"],"uagb_featured_image_src":{"full":false,"thumbnail":false,"medium":false,"medium_large":false,"large":false,"1536x1536":false,"2048x2048":false},"uagb_author_info":{"display_name":"cati_admin","author_link":"https:\/\/rs.umc.edu.dz\/cati\/author\/cati_admin\/"},"uagb_comment_info":0,"uagb_excerpt":"Contactez-Nous Nous sommes \u00e0 votre \u00e9coute. N&rsquo;h\u00e9sitez pas \u00e0 nous contacter pour toute demande d&rsquo;information. Nous Joindre Facilement Pour toute question ou suggestion, remplissez notre formulaire. Nous reviendrons vers vous rapidement. T\u00e9l\u00e9phone: 0666666666 Email: cati@umc.edu.dz Adresse: Campus Ahmed HAMANI &#8211; Universit\u00e9 Fr\u00e8res Mentouri &#8211; Constantine 1 Suivez-nous:","_links":{"self":[{"href":"https:\/\/rs.umc.edu.dz\/cati\/wp-json\/wp\/v2\/pages\/57","targetHints":{"allow":["GET"]}}],"collection":[{"href":"https:\/\/rs.umc.edu.dz\/cati\/wp-json\/wp\/v2\/pages"}],"about":[{"href":"https:\/\/rs.umc.edu.dz\/cati\/wp-json\/wp\/v2\/types\/page"}],"author":[{"embeddable":true,"href":"https:\/\/rs.umc.edu.dz\/cati\/wp-json\/wp\/v2\/users\/1"}],"replies":[{"embeddable":true,"href":"https:\/\/rs.umc.edu.dz\/cati\/wp-json\/wp\/v2\/comments?post=57"}],"version-history":[{"count":6,"href":"https:\/\/rs.umc.edu.dz\/cati\/wp-json\/wp\/v2\/pages\/57\/revisions"}],"predecessor-version":[{"id":910,"href":"https:\/\/rs.umc.edu.dz\/cati\/wp-json\/wp\/v2\/pages\/57\/revisions\/910"}],"wp:attachment":[{"href":"https:\/\/rs.umc.edu.dz\/cati\/wp-json\/wp\/v2\/media?parent=57"}],"curies":[{"name":"wp","href":"https:\/\/api.w.org\/{rel}","templated":true}]}}