{"id":713,"date":"2024-10-01T09:51:57","date_gmt":"2024-10-01T08:51:57","guid":{"rendered":"https:\/\/rs.umc.edu.dz\/cati\/?page_id=713"},"modified":"2024-10-14T13:53:36","modified_gmt":"2024-10-14T12:53:36","slug":"propriete-industriel","status":"publish","type":"page","link":"https:\/\/rs.umc.edu.dz\/cati\/propriete-industriel\/","title":{"rendered":"Propri\u00e9t\u00e9 industriel"},"content":{"rendered":"\n<div class=\"wp-block-uagb-container uagb-block-41700def alignfull uagb-is-root-container\"><div class=\"uagb-container-inner-blocks-wrap\">\n<div class=\"wp-block-uagb-advanced-heading uagb-block-02771c86\"><h1 class=\"uagb-heading-text\">Propri\u00e9t\u00e9 industriel<\/h1><\/div>\n<\/div><\/div>\n\n\n\n<div class=\"wp-block-uagb-container uagb-block-e7cca08e alignfull uagb-is-root-container\"><div class=\"uagb-container-inner-blocks-wrap\">\n<div class=\"wp-block-uagb-advanced-heading uagb-block-d76b8293\"><h2 class=\"uagb-heading-text\">Dossier \u00e0 Fournir<\/h2><div class=\"uagb-separator\"><\/div><\/div>\n\n\n\n<div class=\"wp-block-uagb-container uagb-block-0a9ec896 alignfull uagb-is-root-container\"><div class=\"uagb-container-inner-blocks-wrap\">\n<div class=\"wp-block-uagb-container uagb-block-a2ca58f7\">\n<div class=\"wp-block-uagb-advanced-heading uagb-block-492b8bfe\"><h3 class=\"uagb-heading-text\">Brevet<\/h3><div class=\"uagb-separator\"><\/div><\/div>\n\n\n\n<ul class=\"wp-block-list\">\n<li>04 exemplaires du formulaire d\u00e9j\u00e0 renseign\u00e9 d\u00fbment remplis et sign\u00e9<\/li>\n\n\n\n<li>02 exemplaires en langue nationale, du m\u00e9moire descriptif aussi claire que possible de l\u2019invention, comportant une ou plusieurs revendications d\u00e9crivant les caract\u00e9ristiques principales de l\u2019invention pour lesquelles la protection est demand\u00e9e.<\/li>\n\n\n\n<li>02 exemplaires en langue fran\u00e7aise, du m\u00e9moire descriptif aussi claire que possible de l\u2019invention, en langue nationale, comportant une ou plusieurs revendications d\u00e9crivant les caract\u00e9ristiques principales de l\u2019invention pour lesquelles la protection est demand\u00e9e<\/li>\n\n\n\n<li>01 abr\u00e9g\u00e9 descriptif de l\u2019invention dont le texte ne doit pas exc\u00e9der 15 lignes.<\/li>\n\n\n\n<li>Des dessins en 02 exemplaires, s\u2019ils sont n\u00e9cessaires \u00e0 l\u2019intelligence de l\u2019invention<\/li>\n<\/ul>\n<\/div>\n\n\n\n<div class=\"wp-block-uagb-image aligncenter uagb-block-b25c8962 wp-block-uagb-image--layout-default wp-block-uagb-image--effect-static wp-block-uagb-image--align-center alignright\"><figure class=\"wp-block-uagb-image__figure\"><img decoding=\"async\" srcset=\"https:\/\/rs.umc.edu.dz\/cati\/wp-content\/uploads\/2024\/10\/telecharger-1024x679.jpg ,https:\/\/rs.umc.edu.dz\/cati\/wp-content\/uploads\/2024\/10\/telecharger.jpg 780w, https:\/\/rs.umc.edu.dz\/cati\/wp-content\/uploads\/2024\/10\/telecharger.jpg 360w\" sizes=\"auto, (max-width: 480px) 150px\" src=\"https:\/\/rs.umc.edu.dz\/cati\/wp-content\/uploads\/2024\/10\/telecharger-1024x679.jpg\" alt=\"\" class=\"uag-image-831\" width=\"550\" height=\"450\" title=\"t\u00e9l\u00e9charger\" loading=\"lazy\" role=\"img\"\/><\/figure><\/div>\n<\/div><\/div>\n\n\n\n<div class=\"wp-block-uagb-container uagb-block-091410b3 alignfull uagb-is-root-container\"><div class=\"uagb-container-inner-blocks-wrap\">\n<div class=\"wp-block-uagb-image alignleft uagb-block-ec638349 wp-block-uagb-image--layout-default wp-block-uagb-image--effect-static wp-block-uagb-image--align-left\"><figure class=\"wp-block-uagb-image__figure\"><img decoding=\"async\" srcset=\"https:\/\/rs.umc.edu.dz\/cati\/wp-content\/uploads\/2024\/10\/AI-business-name-generator.webp ,https:\/\/rs.umc.edu.dz\/cati\/wp-content\/uploads\/2024\/10\/AI-business-name-generator.webp 780w, https:\/\/rs.umc.edu.dz\/cati\/wp-content\/uploads\/2024\/10\/AI-business-name-generator.webp 360w\" sizes=\"auto, (max-width: 480px) 150px\" src=\"https:\/\/rs.umc.edu.dz\/cati\/wp-content\/uploads\/2024\/10\/AI-business-name-generator.webp\" alt=\"\" class=\"uag-image-832\" width=\"550\" height=\"450\" title=\"AI-business-name-generator\" loading=\"lazy\" role=\"img\"\/><\/figure><\/div>\n\n\n\n<div class=\"wp-block-uagb-container uagb-block-cdd12db6\">\n<div class=\"wp-block-uagb-advanced-heading uagb-block-25d9de47\"><h3 class=\"uagb-heading-text\">Marque<\/h3><div class=\"uagb-separator\"><\/div><\/div>\n\n\n\n<ul class=\"wp-block-list\">\n<li>03 exemplaires du formulaire officiel, sign\u00e9s et dat\u00e9s.<\/li>\n\n\n\n<li>Un pouvoir original sign\u00e9 et dat\u00e9 en cas de repr\u00e9sentation par un mandataire et le cas \u00e9ch\u00e9ant un document justifiant la priorit\u00e9.<\/li>\n\n\n\n<li>D\u2019autres documents peuvent, toutefois, \u00eatre demand\u00e9s<\/li>\n<\/ul>\n<\/div>\n<\/div><\/div>\n<\/div><\/div>\n\n\n\n<div class=\"wp-block-uagb-container uagb-block-4a4ea989 alignfull uagb-is-root-container\"><div class=\"uagb-container-inner-blocks-wrap\">\n<div class=\"wp-block-uagb-advanced-heading uagb-block-c3880671\"><h2 class=\"uagb-heading-text\">Bases de Recherche de l\u2019Ant\u00e9riorit\u00e9 de Brevets<\/h2><div class=\"uagb-separator\"><\/div><\/div>\n\n\n\n<div class=\"wp-block-uagb-container uagb-block-62376244 alignfull uagb-is-root-container\"><div class=\"uagb-container-inner-blocks-wrap\">\n<div class=\"wp-block-uagb-container uagb-block-543f0c60\">\n<div class=\"wp-block-uagb-advanced-heading uagb-block-2c09a104\"><h3 class=\"uagb-heading-text\">INAPI: (Base Brevets \/ Marques \/  Mod\u00e8les publi\u00e9s de l\u2019Office Alg\u00e9rien) :<\/h3><div class=\"uagb-separator\"><\/div><\/div>\n\n\n\n<p><a href=\"http:\/\/e-services.inapi.org\/SITE\/?Rub=Boip\" target=\"_blank\" rel=\"noreferrer noopener\">http:\/\/e-services.inapi.org\/SITE\/?Rub=Boip<\/a><\/p>\n\n\n\n<div class=\"wp-block-uagb-advanced-heading uagb-block-9d115d9f\"><h3 class=\"uagb-heading-text\">PATENTSCOPE : (Base OMPI) :<\/h3><div class=\"uagb-separator\"><\/div><\/div>\n\n\n\n<p><a href=\"https:\/\/patentscope.wipo.int\/search\/fr\/search.jsf\" target=\"_blank\" rel=\"noreferrer noopener\">https:\/\/patentscope.wipo.int\/search\/fr\/search.jsf<\/a><\/p>\n\n\n\n<div class=\"wp-block-uagb-advanced-heading uagb-block-222c7056\"><h3 class=\"uagb-heading-text\">ESPACE NET : (Base OEB) :<\/h3><div class=\"uagb-separator\"><\/div><\/div>\n\n\n\n<p><a href=\"https:\/\/worldwide.espacenet.com\/?locale=fr_EP\" target=\"_blank\" rel=\"noreferrer noopener\">https:\/\/worldwide.espacenet.com\/?locale=fr_EP<\/a><\/p>\n\n\n\n<div class=\"wp-block-uagb-advanced-heading uagb-block-9a5d5758\"><h3 class=\"uagb-heading-text\">Google Patent :<\/h3><div class=\"uagb-separator\"><\/div><\/div>\n\n\n\n<p><a href=\"https:\/\/patents.google.com\" target=\"_blank\" rel=\"noreferrer noopener\">https:\/\/patents.google.com<\/a><\/p>\n\n\n\n<div class=\"wp-block-uagb-advanced-heading uagb-block-0e61722b\"><h3 class=\"uagb-heading-text\">INPI : (Base Brevets de l\u2019Office Fran\u00e7ais) :<\/h3><div class=\"uagb-separator\"><\/div><\/div>\n\n\n\n<p><a href=\"https:\/\/bases-brevets.inpi.fr\/fr\/accueil.html\" target=\"_blank\" rel=\"noreferrer noopener\">https:\/\/bases-brevets.inpi.fr\/fr\/accueil.html<\/a><\/p>\n\n\n\n<div class=\"wp-block-uagb-image uagb-block-688e2450 wp-block-uagb-image--layout-default wp-block-uagb-image--effect-static wp-block-uagb-image--align-none\"><figure class=\"wp-block-uagb-image__figure\"><img decoding=\"async\" srcset=\"https:\/\/rs.umc.edu.dz\/cati\/wp-content\/uploads\/2024\/10\/A91prtwwm_qu045p_9tg.png ,https:\/\/rs.umc.edu.dz\/cati\/wp-content\/uploads\/2024\/10\/A91prtwwm_qu045p_9tg.png 780w, https:\/\/rs.umc.edu.dz\/cati\/wp-content\/uploads\/2024\/10\/A91prtwwm_qu045p_9tg.png 360w\" sizes=\"auto, (max-width: 480px) 150px\" src=\"https:\/\/rs.umc.edu.dz\/cati\/wp-content\/uploads\/2024\/10\/A91prtwwm_qu045p_9tg.png\" alt=\"\" class=\"uag-image-927\" width=\"198\" height=\"198\" title=\"A91prtwwm_qu045p_9tg\" loading=\"lazy\" role=\"img\"\/><\/figure><\/div>\n<\/div>\n\n\n\n<div class=\"wp-block-uagb-image uagb-block-4c3dc6d9 wp-block-uagb-image--layout-default wp-block-uagb-image--effect-static wp-block-uagb-image--align-none alignright\"><figure class=\"wp-block-uagb-image__figure\"><img decoding=\"async\" srcset=\"https:\/\/rs.umc.edu.dz\/cati\/wp-content\/uploads\/2024\/10\/11505422.png ,https:\/\/rs.umc.edu.dz\/cati\/wp-content\/uploads\/2024\/10\/11505422.png 780w, https:\/\/rs.umc.edu.dz\/cati\/wp-content\/uploads\/2024\/10\/11505422.png 360w\" sizes=\"auto, (max-width: 480px) 150px\" src=\"https:\/\/rs.umc.edu.dz\/cati\/wp-content\/uploads\/2024\/10\/11505422.png\" alt=\"\" class=\"uag-image-918\" width=\"550\" height=\"450\" title=\"\" loading=\"lazy\" role=\"presentation\"\/><\/figure><\/div>\n<\/div><\/div>\n\n\n\n<div class=\"wp-block-uagb-container uagb-block-17bcac22 alignfull uagb-is-root-container\"><div class=\"uagb-container-inner-blocks-wrap\">\n<div class=\"wp-block-uagb-container uagb-block-01205d87\"><\/div>\n<\/div><\/div>\n<\/div><\/div>\n\n\n\n<div class=\"wp-block-uagb-container uagb-block-89dea48f alignfull uagb-is-root-container\"><div class=\"uagb-container-inner-blocks-wrap\">\n<div class=\"wp-block-uagb-advanced-heading uagb-block-75cc480c\"><h2 class=\"uagb-heading-text\">Forme des documents requis pour le t\u00e9l\u00e9chargement<\/h2><div class=\"uagb-separator\"><\/div><\/div>\n\n\n\n<div class=\"wp-block-group is-vertical is-content-justification-center is-nowrap is-layout-flex wp-container-core-group-is-layout-54be60bd wp-block-group-is-layout-flex\">\n<div class=\"wp-block-uagb-container uagb-block-c0f483aa\">\n<div class=\"wp-block-uagb-image aligncenter uagb-block-a16f34bc wp-block-uagb-image--layout-default wp-block-uagb-image--effect-static wp-block-uagb-image--align-center alignleft\"><figure class=\"wp-block-uagb-image__figure\"><img decoding=\"async\" srcset=\"https:\/\/rs.umc.edu.dz\/cati\/wp-content\/uploads\/2024\/10\/11.jpg ,https:\/\/rs.umc.edu.dz\/cati\/wp-content\/uploads\/2024\/10\/11.jpg 780w, https:\/\/rs.umc.edu.dz\/cati\/wp-content\/uploads\/2024\/10\/11.jpg 360w\" sizes=\"auto, (max-width: 480px) 150px\" src=\"https:\/\/rs.umc.edu.dz\/cati\/wp-content\/uploads\/2024\/10\/11.jpg\" alt=\"\" class=\"uag-image-940\" width=\"550\" height=\"450\" title=\"11\" loading=\"lazy\" role=\"img\"\/><\/figure><\/div>\n<\/div>\n\n\n\n<div class=\"wp-block-uagb-container uagb-block-498ef0d6\">\n<ul class=\"wp-block-list\">\n<li>Demande de brevet a\u0300 remplir et imprime\u0301 recto verso en 4 exemplaire <a href=\"\/cati\/download\/demande-de-brevet.pdf\" data-type=\"link\" data-id=\"\/cati\/download\/demande-de-brevet.pdf\"><img loading=\"lazy\" decoding=\"async\" width=\"15\" height=\"18\" class=\"wp-image-936\" style=\"width: 15px;\" src=\"https:\/\/rs.umc.edu.dz\/cati\/wp-content\/uploads\/2024\/10\/30-1.png\" alt=\"\"><\/a><\/li>\n\n\n\n<li>Demande de recherche <a href=\"\/cati\/download\/demande-de-recherche.docx\" data-type=\"link\" data-id=\"\/cati\/download\/demande-de-recherche.docx\"><img loading=\"lazy\" decoding=\"async\" width=\"15\" height=\"18\" class=\"wp-image-936\" style=\"width: 15px;\" src=\"https:\/\/rs.umc.edu.dz\/cati\/wp-content\/uploads\/2024\/10\/30-1.png\" alt=\"\"><\/a><\/li>\n\n\n\n<li>Me\u0301moire descriptif : fr <a href=\"\/cati\/download\/memoire-descriptif-fr.docx\" data-type=\"link\" data-id=\"\/cati\/download\/memoire-descriptif-fr.docx\"><img loading=\"lazy\" decoding=\"async\" width=\"15\" height=\"18\" class=\"wp-image-936\" style=\"width: 15px;\" src=\"https:\/\/rs.umc.edu.dz\/cati\/wp-content\/uploads\/2024\/10\/30-1.png\" alt=\"\"><\/a> \/ ar <a href=\"\/cati\/download\/memoire-descriptif-ar.docx\" data-type=\"link\" data-id=\"\/cati\/download\/memoire-descriptif-ar.docx\"><img loading=\"lazy\" decoding=\"async\" width=\"15\" height=\"18\" class=\"wp-image-936\" style=\"width: 15px;\" src=\"https:\/\/rs.umc.edu.dz\/cati\/wp-content\/uploads\/2024\/10\/30-1.png\" alt=\"\"><\/a><\/li>\n<\/ul>\n<\/div>\n<\/div>\n<\/div><\/div>\n\n\n\n<div class=\"wp-block-uagb-container uagb-block-cb5dcb1f alignfull uagb-is-root-container\"><div class=\"uagb-container-inner-blocks-wrap\">\n<div class=\"wp-block-uagb-info-box uagb-block-d7cdb03b uagb-infobox__content-wrap  uagb-infobox-icon-above-title uagb-infobox-image-valign-top\"><div class=\"uagb-ifb-content\"><div class=\"uagb-ifb-title-wrap\"><h2 class=\"uagb-ifb-title\">Transformez vos id\u00e9es aujourd&rsquo;hui<\/h2><\/div><p class=\"uagb-ifb-desc\">N&rsquo;attendez plus pour donner vie \u00e0 vos projets innovants. Rejoignez CATI et optimisez vos chances de succ\u00e8s.<\/p><div class=\"uagb-ifb-button-wrapper wp-block-button\"><a href=\"\/cati\/contact\/\" class=\"uagb-infobox-cta-link wp-block-button__link\" target=\"_self\" rel=\"noopener noreferrer\" onclick=\"return true;\"><span class=\"uagb-inline-editing\">Commencez maintenant<\/span><\/a><\/div><\/div><\/div>\n<\/div><\/div>\n","protected":false},"excerpt":{"rendered":"<p>Propri\u00e9t\u00e9 industriel Dossier \u00e0 Fournir Brevet Marque Bases de Recherche de l\u2019Ant\u00e9riorit\u00e9 de Brevets INAPI: (Base Brevets \/ Marques \/ Mod\u00e8les publi\u00e9s de l\u2019Office Alg\u00e9rien) : http:\/\/e-services.inapi.org\/SITE\/?Rub=Boip PATENTSCOPE : (Base OMPI) : https:\/\/patentscope.wipo.int\/search\/fr\/search.jsf ESPACE NET : (Base OEB) : https:\/\/worldwide.espacenet.com\/?locale=fr_EP Google Patent : https:\/\/patents.google.com INPI : (Base Brevets de l\u2019Office Fran\u00e7ais) : https:\/\/bases-brevets.inpi.fr\/fr\/accueil.html Forme des [&hellip;]<\/p>\n","protected":false},"author":1,"featured_media":0,"parent":0,"menu_order":0,"comment_status":"closed","ping_status":"closed","template":"","meta":{"_uag_custom_page_level_css":"","site-sidebar-layout":"default","site-content-layout":"","ast-site-content-layout":"default","site-content-style":"default","site-sidebar-style":"default","ast-global-header-display":"","ast-banner-title-visibility":"","ast-main-header-display":"","ast-hfb-above-header-display":"","ast-hfb-below-header-display":"","ast-hfb-mobile-header-display":"","site-post-title":"disabled","ast-breadcrumbs-content":"","ast-featured-img":"","footer-sml-layout":"","theme-transparent-header-meta":"","adv-header-id-meta":"","stick-header-meta":"","header-above-stick-meta":"","header-main-stick-meta":"","header-below-stick-meta":"","astra-migrate-meta-layouts":"set","ast-page-background-enabled":"default","ast-page-background-meta":{"desktop":{"background-color":"var(--ast-global-color-4)","background-image":"","background-repeat":"repeat","background-position":"center center","background-size":"auto","background-attachment":"scroll","background-type":"","background-media":"","overlay-type":"","overlay-color":"","overlay-opacity":"","overlay-gradient":""},"tablet":{"background-color":"","background-image":"","background-repeat":"repeat","background-position":"center center","background-size":"auto","background-attachment":"scroll","background-type":"","background-media":"","overlay-type":"","overlay-color":"","overlay-opacity":"","overlay-gradient":""},"mobile":{"background-color":"","background-image":"","background-repeat":"repeat","background-position":"center center","background-size":"auto","background-attachment":"scroll","background-type":"","background-media":"","overlay-type":"","overlay-color":"","overlay-opacity":"","overlay-gradient":""}},"ast-content-background-meta":{"desktop":{"background-color":"var(--ast-global-color-5)","background-image":"","background-repeat":"repeat","background-position":"center center","background-size":"auto","background-attachment":"scroll","background-type":"","background-media":"","overlay-type":"","overlay-color":"","overlay-opacity":"","overlay-gradient":""},"tablet":{"background-color":"var(--ast-global-color-5)","background-image":"","background-repeat":"repeat","background-position":"center center","background-size":"auto","background-attachment":"scroll","background-type":"","background-media":"","overlay-type":"","overlay-color":"","overlay-opacity":"","overlay-gradient":""},"mobile":{"background-color":"var(--ast-global-color-5)","background-image":"","background-repeat":"repeat","background-position":"center center","background-size":"auto","background-attachment":"scroll","background-type":"","background-media":"","overlay-type":"","overlay-color":"","overlay-opacity":"","overlay-gradient":""}},"footnotes":""},"class_list":["post-713","page","type-page","status-publish","hentry"],"uagb_featured_image_src":{"full":false,"thumbnail":false,"medium":false,"medium_large":false,"large":false,"1536x1536":false,"2048x2048":false},"uagb_author_info":{"display_name":"cati_admin","author_link":"https:\/\/rs.umc.edu.dz\/cati\/author\/cati_admin\/"},"uagb_comment_info":0,"uagb_excerpt":"Propri\u00e9t\u00e9 industriel Dossier \u00e0 Fournir Brevet Marque Bases de Recherche de l\u2019Ant\u00e9riorit\u00e9 de Brevets INAPI: (Base Brevets \/ Marques \/ Mod\u00e8les publi\u00e9s de l\u2019Office Alg\u00e9rien) : http:\/\/e-services.inapi.org\/SITE\/?Rub=Boip PATENTSCOPE : (Base OMPI) : https:\/\/patentscope.wipo.int\/search\/fr\/search.jsf ESPACE NET : (Base OEB) : https:\/\/worldwide.espacenet.com\/?locale=fr_EP Google Patent : https:\/\/patents.google.com INPI : (Base Brevets de l\u2019Office Fran\u00e7ais) : https:\/\/bases-brevets.inpi.fr\/fr\/accueil.html Forme des\u2026","_links":{"self":[{"href":"https:\/\/rs.umc.edu.dz\/cati\/wp-json\/wp\/v2\/pages\/713","targetHints":{"allow":["GET"]}}],"collection":[{"href":"https:\/\/rs.umc.edu.dz\/cati\/wp-json\/wp\/v2\/pages"}],"about":[{"href":"https:\/\/rs.umc.edu.dz\/cati\/wp-json\/wp\/v2\/types\/page"}],"author":[{"embeddable":true,"href":"https:\/\/rs.umc.edu.dz\/cati\/wp-json\/wp\/v2\/users\/1"}],"replies":[{"embeddable":true,"href":"https:\/\/rs.umc.edu.dz\/cati\/wp-json\/wp\/v2\/comments?post=713"}],"version-history":[{"count":50,"href":"https:\/\/rs.umc.edu.dz\/cati\/wp-json\/wp\/v2\/pages\/713\/revisions"}],"predecessor-version":[{"id":951,"href":"https:\/\/rs.umc.edu.dz\/cati\/wp-json\/wp\/v2\/pages\/713\/revisions\/951"}],"wp:attachment":[{"href":"https:\/\/rs.umc.edu.dz\/cati\/wp-json\/wp\/v2\/media?parent=713"}],"curies":[{"name":"wp","href":"https:\/\/api.w.org\/{rel}","templated":true}]}}