{"id":715,"date":"2024-10-01T09:53:45","date_gmt":"2024-10-01T08:53:45","guid":{"rendered":"https:\/\/rs.umc.edu.dz\/cati\/?page_id=715"},"modified":"2024-10-14T13:53:10","modified_gmt":"2024-10-14T12:53:10","slug":"propriete-intellectuelle","status":"publish","type":"page","link":"https:\/\/rs.umc.edu.dz\/cati\/propriete-intellectuelle\/","title":{"rendered":"Propri\u00e9t\u00e9 Intellectuelle"},"content":{"rendered":"\n<div class=\"wp-block-uagb-container uagb-block-41700def alignfull uagb-is-root-container\"><div class=\"uagb-container-inner-blocks-wrap\">\n<div class=\"wp-block-uagb-advanced-heading uagb-block-02771c86\"><h1 class=\"uagb-heading-text\">Propri\u00e9t\u00e9 Intellectuelle<\/h1><\/div>\n<\/div><\/div>\n\n\n\n<div class=\"wp-block-uagb-container uagb-block-c0741f28 alignfull uagb-is-root-container\"><div class=\"uagb-container-inner-blocks-wrap\">\n<div class=\"wp-block-uagb-container uagb-block-0a9ec896 alignfull uagb-is-root-container\"><div class=\"uagb-container-inner-blocks-wrap\">\n<div class=\"wp-block-uagb-container uagb-block-a2ca58f7\">\n<div class=\"wp-block-uagb-advanced-heading uagb-block-492b8bfe\"><h2 class=\"uagb-heading-text\"><strong>Qu&rsquo;est-ce que la propri\u00e9t\u00e9 intellectuelle ?<\/strong><\/h2><div class=\"uagb-separator\"><\/div><\/div>\n\n\n\n<p>La propri\u00e9t\u00e9 intellectuelle englobe les cr\u00e9ations de l&rsquo;esprit telles que les inventions, \u0153uvres litt\u00e9raires, dessins, mod\u00e8les, et \u00e9l\u00e9ments commerciaux. Prot\u00e9g\u00e9e par la loi via brevets, droits d&rsquo;auteur, et marques, elle permet aux cr\u00e9ateurs de b\u00e9n\u00e9ficier de reconnaissance ou d&rsquo;avantages financiers. L&rsquo;objectif est d&rsquo;\u00e9quilibrer les int\u00e9r\u00eats des innovateurs et du public, favorisant un environnement propice \u00e0 la cr\u00e9ativit\u00e9 et \u00e0 l&rsquo;innovation.<\/p>\n<\/div>\n\n\n\n<div class=\"wp-block-uagb-image alignright uagb-block-b25c8962 wp-block-uagb-image--layout-default wp-block-uagb-image--effect-static wp-block-uagb-image--align-right\"><figure class=\"wp-block-uagb-image__figure\"><img decoding=\"async\" srcset=\"https:\/\/rs.umc.edu.dz\/cati\/wp-content\/uploads\/2024\/10\/man-adding-block-showing-words-intellectual-property-top-other-wooden-block-with-text-copyright-patents-inventionand-trademark_441362-1808.avif ,https:\/\/rs.umc.edu.dz\/cati\/wp-content\/uploads\/2024\/10\/man-adding-block-showing-words-intellectual-property-top-other-wooden-block-with-text-copyright-patents-inventionand-trademark_441362-1808.avif 780w, https:\/\/rs.umc.edu.dz\/cati\/wp-content\/uploads\/2024\/10\/man-adding-block-showing-words-intellectual-property-top-other-wooden-block-with-text-copyright-patents-inventionand-trademark_441362-1808.avif 360w\" sizes=\"auto, (max-width: 480px) 150px\" src=\"https:\/\/rs.umc.edu.dz\/cati\/wp-content\/uploads\/2024\/10\/man-adding-block-showing-words-intellectual-property-top-other-wooden-block-with-text-copyright-patents-inventionand-trademark_441362-1808.avif\" alt=\"\" class=\"uag-image-803\" width=\"550\" height=\"450\" title=\"man-adding-block-showing-words-intellectual-property-top-other-wooden-block-with-text-copyright-patents-inventionand-trademark_441362-1808\" loading=\"lazy\" role=\"img\"\/><\/figure><\/div>\n<\/div><\/div>\n<\/div><\/div>\n\n\n\n<div class=\"wp-block-uagb-container uagb-block-e7cca08e alignfull uagb-is-root-container\"><div class=\"uagb-container-inner-blocks-wrap\">\n<div class=\"wp-block-uagb-advanced-heading uagb-block-d76b8293\"><h2 class=\"uagb-heading-text\"><strong>Dossier \u00e0 Fournir<\/strong><\/h2><div class=\"uagb-separator\"><\/div><\/div>\n\n\n\n<div style=\"height:48px\" aria-hidden=\"true\" class=\"wp-block-spacer\"><\/div>\n\n\n\n<div class=\"wp-block-uagb-container uagb-block-27c32e09 alignfull uagb-is-root-container\"><div class=\"uagb-container-inner-blocks-wrap\">\n<div class=\"wp-block-uagb-container uagb-block-c8fbef0e\">\n<div class=\"wp-block-uagb-advanced-heading uagb-block-32c01fe5\"><h3 class=\"uagb-heading-text\"><strong>Droits d\u2019auteur<\/strong><\/h3><div class=\"uagb-separator\"><\/div><\/div>\n\n\n\n<ul class=\"wp-block-list\">\n<li>01 Photocopie de la carte nationale<\/li>\n\n\n\n<li>02 photos d\u2019identit\u00e9<\/li>\n\n\n\n<li>01 extrait de naissance<\/li>\n\n\n\n<li>01 CD ROM contenant le code du logiciel \u00e0 prot\u00e9ger<\/li>\n\n\n\n<li>Fiche technique du logiciel<\/li>\n<\/ul>\n<\/div>\n\n\n\n<div class=\"wp-block-uagb-image aligncenter uagb-block-f87f8d41 wp-block-uagb-image--layout-default wp-block-uagb-image--effect-static wp-block-uagb-image--align-center alignright\"><figure class=\"wp-block-uagb-image__figure\"><img decoding=\"async\" srcset=\"https:\/\/rs.umc.edu.dz\/cati\/wp-content\/uploads\/2024\/10\/white-copyright-symbol-symbols-L8XkLq0-600.jpg ,https:\/\/rs.umc.edu.dz\/cati\/wp-content\/uploads\/2024\/10\/white-copyright-symbol-symbols-L8XkLq0-600.jpg 780w, https:\/\/rs.umc.edu.dz\/cati\/wp-content\/uploads\/2024\/10\/white-copyright-symbol-symbols-L8XkLq0-600.jpg 360w\" sizes=\"auto, (max-width: 480px) 150px\" src=\"https:\/\/rs.umc.edu.dz\/cati\/wp-content\/uploads\/2024\/10\/white-copyright-symbol-symbols-L8XkLq0-600.jpg\" alt=\"\" class=\"uag-image-845\" width=\"550\" height=\"450\" title=\"white-copyright-symbol-symbols-L8XkLq0-600\" loading=\"lazy\" role=\"img\"\/><\/figure><\/div>\n<\/div><\/div>\n<\/div><\/div>\n\n\n\n<div class=\"wp-block-uagb-container uagb-block-89dea48f alignfull uagb-is-root-container\"><div class=\"uagb-container-inner-blocks-wrap\">\n<div class=\"wp-block-uagb-advanced-heading uagb-block-75cc480c\"><h2 class=\"uagb-heading-text\">Forme des documents requis pour le t\u00e9l\u00e9chargement<\/h2><div class=\"uagb-separator\"><\/div><\/div>\n\n\n\n<div class=\"wp-block-group is-vertical is-content-justification-center is-nowrap is-layout-flex wp-container-core-group-is-layout-54be60bd wp-block-group-is-layout-flex\">\n<div class=\"wp-block-uagb-container uagb-block-c0f483aa\">\n<div class=\"wp-block-uagb-image aligncenter uagb-block-a16f34bc wp-block-uagb-image--layout-default wp-block-uagb-image--effect-static wp-block-uagb-image--align-center alignleft\"><figure class=\"wp-block-uagb-image__figure\"><img decoding=\"async\" srcset=\"https:\/\/rs.umc.edu.dz\/cati\/wp-content\/uploads\/2024\/10\/11.jpg ,https:\/\/rs.umc.edu.dz\/cati\/wp-content\/uploads\/2024\/10\/11.jpg 780w, https:\/\/rs.umc.edu.dz\/cati\/wp-content\/uploads\/2024\/10\/11.jpg 360w\" sizes=\"auto, (max-width: 480px) 150px\" src=\"https:\/\/rs.umc.edu.dz\/cati\/wp-content\/uploads\/2024\/10\/11.jpg\" alt=\"\" class=\"uag-image-940\" width=\"550\" height=\"450\" title=\"11\" loading=\"lazy\" role=\"img\"\/><\/figure><\/div>\n<\/div>\n\n\n\n<div class=\"wp-block-uagb-container uagb-block-498ef0d6\">\n<ul class=\"wp-block-list\">\n<li>Demande d\u2019admission Onda <a href=\"\/cati\/download\/demande-d-admission-onda.pdf\" data-type=\"link\" data-id=\"\/cati\/download\/demande-de-brevet.pdf\"><img loading=\"lazy\" decoding=\"async\" width=\"15\" height=\"18\" class=\"wp-image-936\" style=\"width: 15px;\" src=\"https:\/\/rs.umc.edu.dz\/cati\/wp-content\/uploads\/2024\/10\/30-1.png\" alt=\"\"><\/a><\/li>\n\n\n\n<li>Droit d&rsquo;auteur 1 : exemple de fiche technique <a href=\"\/cati\/download\/droit-d-auteur1.docx\" data-type=\"link\" data-id=\"\/cati\/download\/demande-de-recherche.docx\"><img loading=\"lazy\" decoding=\"async\" width=\"15\" height=\"18\" class=\"wp-image-936\" style=\"width: 15px;\" src=\"https:\/\/rs.umc.edu.dz\/cati\/wp-content\/uploads\/2024\/10\/30-1.png\" alt=\"\"><\/a><\/li>\n\n\n\n<li>Droit d&rsquo;auteur 2 : document a renseigne\u0301 ONDA <a href=\"\/cati\/download\/droit-d-auteur2.pdf\" data-type=\"link\" data-id=\"\/cati\/download\/droit-d-auteur2.pdf\"><img loading=\"lazy\" decoding=\"async\" width=\"15\" height=\"18\" class=\"wp-image-936\" style=\"width: 15px;\" src=\"https:\/\/rs.umc.edu.dz\/cati\/wp-content\/uploads\/2024\/10\/30-1.png\" alt=\"\"><\/a><\/li>\n\n\n\n<li>Droit d&rsquo;auteur 3 : \u00e9l\u00e9ments du dossier et exemple de fiche technique <a href=\"\/cati\/download\/droit-d-auteur3.pdf\" data-type=\"link\" data-id=\"\/cati\/download\/droit-d-auteur3.pdf\"><img loading=\"lazy\" decoding=\"async\" width=\"15\" height=\"18\" class=\"wp-image-936\" style=\"width: 15px;\" src=\"https:\/\/rs.umc.edu.dz\/cati\/wp-content\/uploads\/2024\/10\/30-1.png\" alt=\"\"><\/a><\/li>\n\n\n\n<li>Onda d\u00e9claration d\u2019\u0153uvre <a href=\"\/cati\/download\/onda-declaration-d-\u0153uvre.pdf\" data-type=\"link\" data-id=\"\/cati\/download\/memoire-descriptif-fr.docx\"><img loading=\"lazy\" decoding=\"async\" width=\"15\" height=\"18\" class=\"wp-image-936\" style=\"width: 15px;\" src=\"https:\/\/rs.umc.edu.dz\/cati\/wp-content\/uploads\/2024\/10\/30-1.png\" alt=\"\"><\/a><\/li>\n<\/ul>\n<\/div>\n<\/div>\n<\/div><\/div>\n\n\n\n<div class=\"wp-block-uagb-container uagb-block-cb5dcb1f alignfull uagb-is-root-container\"><div class=\"uagb-container-inner-blocks-wrap\">\n<div class=\"wp-block-uagb-info-box uagb-block-d7cdb03b uagb-infobox__content-wrap  uagb-infobox-icon-above-title uagb-infobox-image-valign-top\"><div class=\"uagb-ifb-content\"><div class=\"uagb-ifb-title-wrap\"><h2 class=\"uagb-ifb-title\">Transformez vos id\u00e9es aujourd&rsquo;hui<\/h2><\/div><p class=\"uagb-ifb-desc\">N&rsquo;attendez plus pour donner vie \u00e0 vos projets innovants. Rejoignez CATI et optimisez vos chances de succ\u00e8s.<\/p><div class=\"uagb-ifb-button-wrapper wp-block-button\"><a href=\"\/cati\/contact\/\" class=\"uagb-infobox-cta-link wp-block-button__link\" target=\"_self\" rel=\"noopener noreferrer\" onclick=\"return true;\"><span class=\"uagb-inline-editing\">Commencez maintenant<\/span><\/a><\/div><\/div><\/div>\n<\/div><\/div>\n","protected":false},"excerpt":{"rendered":"<p>Propri\u00e9t\u00e9 Intellectuelle Qu&rsquo;est-ce que la propri\u00e9t\u00e9 intellectuelle ? La propri\u00e9t\u00e9 intellectuelle englobe les cr\u00e9ations de l&rsquo;esprit telles que les inventions, \u0153uvres litt\u00e9raires, dessins, mod\u00e8les, et \u00e9l\u00e9ments commerciaux. Prot\u00e9g\u00e9e par la loi via brevets, droits d&rsquo;auteur, et marques, elle permet aux cr\u00e9ateurs de b\u00e9n\u00e9ficier de reconnaissance ou d&rsquo;avantages financiers. L&rsquo;objectif est d&rsquo;\u00e9quilibrer les int\u00e9r\u00eats des innovateurs [&hellip;]<\/p>\n","protected":false},"author":1,"featured_media":0,"parent":0,"menu_order":0,"comment_status":"closed","ping_status":"closed","template":"","meta":{"_uag_custom_page_level_css":"","site-sidebar-layout":"default","site-content-layout":"","ast-site-content-layout":"default","site-content-style":"default","site-sidebar-style":"default","ast-global-header-display":"","ast-banner-title-visibility":"","ast-main-header-display":"","ast-hfb-above-header-display":"","ast-hfb-below-header-display":"","ast-hfb-mobile-header-display":"","site-post-title":"disabled","ast-breadcrumbs-content":"","ast-featured-img":"","footer-sml-layout":"","theme-transparent-header-meta":"","adv-header-id-meta":"","stick-header-meta":"","header-above-stick-meta":"","header-main-stick-meta":"","header-below-stick-meta":"","astra-migrate-meta-layouts":"set","ast-page-background-enabled":"default","ast-page-background-meta":{"desktop":{"background-color":"var(--ast-global-color-4)","background-image":"","background-repeat":"repeat","background-position":"center center","background-size":"auto","background-attachment":"scroll","background-type":"","background-media":"","overlay-type":"","overlay-color":"","overlay-opacity":"","overlay-gradient":""},"tablet":{"background-color":"","background-image":"","background-repeat":"repeat","background-position":"center center","background-size":"auto","background-attachment":"scroll","background-type":"","background-media":"","overlay-type":"","overlay-color":"","overlay-opacity":"","overlay-gradient":""},"mobile":{"background-color":"","background-image":"","background-repeat":"repeat","background-position":"center center","background-size":"auto","background-attachment":"scroll","background-type":"","background-media":"","overlay-type":"","overlay-color":"","overlay-opacity":"","overlay-gradient":""}},"ast-content-background-meta":{"desktop":{"background-color":"var(--ast-global-color-5)","background-image":"","background-repeat":"repeat","background-position":"center center","background-size":"auto","background-attachment":"scroll","background-type":"","background-media":"","overlay-type":"","overlay-color":"","overlay-opacity":"","overlay-gradient":""},"tablet":{"background-color":"var(--ast-global-color-5)","background-image":"","background-repeat":"repeat","background-position":"center center","background-size":"auto","background-attachment":"scroll","background-type":"","background-media":"","overlay-type":"","overlay-color":"","overlay-opacity":"","overlay-gradient":""},"mobile":{"background-color":"var(--ast-global-color-5)","background-image":"","background-repeat":"repeat","background-position":"center center","background-size":"auto","background-attachment":"scroll","background-type":"","background-media":"","overlay-type":"","overlay-color":"","overlay-opacity":"","overlay-gradient":""}},"footnotes":""},"class_list":["post-715","page","type-page","status-publish","hentry"],"uagb_featured_image_src":{"full":false,"thumbnail":false,"medium":false,"medium_large":false,"large":false,"1536x1536":false,"2048x2048":false},"uagb_author_info":{"display_name":"cati_admin","author_link":"https:\/\/rs.umc.edu.dz\/cati\/author\/cati_admin\/"},"uagb_comment_info":0,"uagb_excerpt":"Propri\u00e9t\u00e9 Intellectuelle Qu&rsquo;est-ce que la propri\u00e9t\u00e9 intellectuelle ? La propri\u00e9t\u00e9 intellectuelle englobe les cr\u00e9ations de l&rsquo;esprit telles que les inventions, \u0153uvres litt\u00e9raires, dessins, mod\u00e8les, et \u00e9l\u00e9ments commerciaux. Prot\u00e9g\u00e9e par la loi via brevets, droits d&rsquo;auteur, et marques, elle permet aux cr\u00e9ateurs de b\u00e9n\u00e9ficier de reconnaissance ou d&rsquo;avantages financiers. L&rsquo;objectif est d&rsquo;\u00e9quilibrer les int\u00e9r\u00eats des innovateurs\u2026","_links":{"self":[{"href":"https:\/\/rs.umc.edu.dz\/cati\/wp-json\/wp\/v2\/pages\/715","targetHints":{"allow":["GET"]}}],"collection":[{"href":"https:\/\/rs.umc.edu.dz\/cati\/wp-json\/wp\/v2\/pages"}],"about":[{"href":"https:\/\/rs.umc.edu.dz\/cati\/wp-json\/wp\/v2\/types\/page"}],"author":[{"embeddable":true,"href":"https:\/\/rs.umc.edu.dz\/cati\/wp-json\/wp\/v2\/users\/1"}],"replies":[{"embeddable":true,"href":"https:\/\/rs.umc.edu.dz\/cati\/wp-json\/wp\/v2\/comments?post=715"}],"version-history":[{"count":58,"href":"https:\/\/rs.umc.edu.dz\/cati\/wp-json\/wp\/v2\/pages\/715\/revisions"}],"predecessor-version":[{"id":954,"href":"https:\/\/rs.umc.edu.dz\/cati\/wp-json\/wp\/v2\/pages\/715\/revisions\/954"}],"wp:attachment":[{"href":"https:\/\/rs.umc.edu.dz\/cati\/wp-json\/wp\/v2\/media?parent=715"}],"curies":[{"name":"wp","href":"https:\/\/api.w.org\/{rel}","templated":true}]}}