{"id":717,"date":"2024-10-01T09:54:52","date_gmt":"2024-10-01T08:54:52","guid":{"rendered":"https:\/\/rs.umc.edu.dz\/cati\/?page_id=717"},"modified":"2024-11-11T11:26:44","modified_gmt":"2024-11-11T10:26:44","slug":"informations","status":"publish","type":"page","link":"https:\/\/rs.umc.edu.dz\/cati\/informations\/","title":{"rendered":"Informations"},"content":{"rendered":"\n<div class=\"wp-block-uagb-container uagb-block-41700def alignfull uagb-is-root-container\"><div class=\"uagb-container-inner-blocks-wrap\">\n<div class=\"wp-block-uagb-advanced-heading uagb-block-02771c86\"><h1 class=\"uagb-heading-text\">Informations<\/h1><\/div>\n<\/div><\/div>\n\n\n\n<div class=\"wp-block-uagb-container uagb-block-dc2292ac alignfull uagb-is-root-container\"><div class=\"uagb-container-inner-blocks-wrap\">\n<div class=\"wp-block-uagb-container uagb-block-7a8cf8c9\">\n<div class=\"wp-block-uagb-advanced-heading uagb-block-3a2c6436\"><h2 class=\"uagb-heading-text\">Importance de l&rsquo;innovation technologique dans le contexte universitaire<\/h2><div class=\"uagb-separator\"><\/div><\/div>\n\n\n\n<ul class=\"wp-block-list\">\n<li>Favorise l&rsquo;avancement des connaissances par la recherche et le d\u00e9veloppement.<\/li>\n\n\n\n<li>Pr\u00e9pare les \u00e9tudiants aux d\u00e9fis d&rsquo;un monde en constante \u00e9volution.<\/li>\n\n\n\n<li>Rend les institutions universitaires attractives, renfor\u00e7ant leur comp\u00e9titivit\u00e9.<\/li>\n\n\n\n<li>Peut stimuler la cr\u00e9ation d&rsquo;entreprises, la valorisation des recherches, et contribuer \u00e0 l&rsquo;\u00e9conomie.<\/li>\n\n\n\n<li>Adressent des probl\u00e8mes soci\u00e9taux complexes tels que la sant\u00e9 et l&rsquo;environnement.<\/li>\n\n\n\n<li>L&rsquo;adoption de technologies innovantes maintient la pertinence des universit\u00e9s.<\/li>\n\n\n\n<li>Encourage la collaboration interdisciplinaire pour une approche holistique des probl\u00e8mes.<\/li>\n<\/ul>\n<\/div>\n\n\n\n<div style=\"height:50px\" aria-hidden=\"true\" class=\"wp-block-spacer\"><\/div>\n\n\n\n<div class=\"wp-block-uagb-container uagb-block-638bc4a0\">\n<div class=\"wp-block-uagb-advanced-heading uagb-block-cd8bf8dc\"><h2 class=\"uagb-heading-text\">Coop\u00e9ration<\/h2><div class=\"uagb-separator\"><\/div><\/div>\n\n\n\n<p>La coop\u00e9ration et l&rsquo;\u00e9change d&rsquo;exp\u00e9riences du CATI avec d&rsquo;autres organes, notamment l&rsquo;Office National des Droits d&rsquo;Auteur (ONDA) et l&rsquo;Institut National Alg\u00e9rien de la Propri\u00e9t\u00e9 Industrielle (INAPI), rev\u00eatent une importance cruciale dans le cadre de la promotion de l&rsquo;innovation et de la protection de la propri\u00e9t\u00e9 intellectuelle. Ces collaborations visent \u00e0 renforcer les capacit\u00e9s du CATI et \u00e0 favoriser le partage de connaissances pour le b\u00e9n\u00e9fice de la communaut\u00e9 universitaire et des innovateurs.<\/p>\n<\/div>\n\n\n\n<div style=\"height:50px\" aria-hidden=\"true\" class=\"wp-block-spacer\"><\/div>\n\n\n\n<div class=\"wp-block-uagb-container uagb-block-9010a3f0\">\n<div class=\"wp-block-uagb-advanced-heading uagb-block-7e1d0d70\"><h2 class=\"uagb-heading-text\">Activit\u00e9s avec ONDA et INAPI<\/h2><div class=\"uagb-separator\"><\/div><\/div>\n\n\n\n<ul class=\"wp-block-list\">\n<li>Faciliter des \u00e9changes r\u00e9guliers d&rsquo;experts entre le CATI, l&rsquo;ONDA et l&rsquo;INAPI pour partager les meilleures pratiques et les derni\u00e8res tendances dans le domaine de la propri\u00e9t\u00e9 intellectuelle.<\/li>\n\n\n\n<li>Organiser des sessions de formation mutuelle, permettant aux membres du CATI de b\u00e9n\u00e9ficier de l&rsquo;expertise de l&rsquo;ONDA et de l&rsquo;INAPI, et vice versa, renfor\u00e7ant ainsi les comp\u00e9tences en mati\u00e8re de gestion de la propri\u00e9t\u00e9 intellectuelle.<\/li>\n\n\n\n<li>Travailler conjointement sur des projets sp\u00e9cifiques li\u00e9s \u00e0 la propri\u00e9t\u00e9 intellectuelle, notamment dans le domaine de la sensibilisation, de la recherche et du soutien aux innovateurs.<\/li>\n\n\n\n<li>Faciliter l&rsquo;acc\u00e8s aux ressources documentaires, aux bases de donn\u00e9es et aux informations pertinentes de l&rsquo;ONDA et de l&rsquo;INAPI, pour enrichir les services offerts par le CATI.<\/li>\n\n\n\n<li>Collaborer \u00e0 l&rsquo;\u00e9laboration de politiques et de directives communes visant \u00e0 renforcer la protection de la propri\u00e9t\u00e9 intellectuelle au niveau universitaire<\/li>\n<\/ul>\n<\/div>\n<\/div><\/div>\n\n\n\n<div class=\"wp-block-uagb-container uagb-block-cb5dcb1f alignfull uagb-is-root-container\"><div class=\"uagb-container-inner-blocks-wrap\">\n<div class=\"wp-block-uagb-info-box uagb-block-d7cdb03b uagb-infobox__content-wrap  uagb-infobox-icon-above-title uagb-infobox-image-valign-top\"><div class=\"uagb-ifb-content\"><div class=\"uagb-ifb-title-wrap\"><h2 class=\"uagb-ifb-title\">Transformez vos id\u00e9es aujourd&rsquo;hui<\/h2><\/div><p class=\"uagb-ifb-desc\">N&rsquo;attendez plus pour donner vie \u00e0 vos projets innovants. Rejoignez CATI et optimisez vos chances de succ\u00e8s.<\/p><div class=\"uagb-ifb-button-wrapper wp-block-button\"><a href=\"\/cati\/contact\/\" class=\"uagb-infobox-cta-link wp-block-button__link\" target=\"_self\" rel=\"noopener noreferrer\" onclick=\"return true;\"><span class=\"uagb-inline-editing\">Commencez maintenant<\/span><\/a><\/div><\/div><\/div>\n<\/div><\/div>\n","protected":false},"excerpt":{"rendered":"<p>Informations Importance de l&rsquo;innovation technologique dans le contexte universitaire Coop\u00e9ration La coop\u00e9ration et l&rsquo;\u00e9change d&rsquo;exp\u00e9riences du CATI avec d&rsquo;autres organes, notamment l&rsquo;Office National des Droits d&rsquo;Auteur (ONDA) et l&rsquo;Institut National Alg\u00e9rien de la Propri\u00e9t\u00e9 Industrielle (INAPI), rev\u00eatent une importance cruciale dans le cadre de la promotion de l&rsquo;innovation et de la protection de la propri\u00e9t\u00e9 [&hellip;]<\/p>\n","protected":false},"author":1,"featured_media":0,"parent":0,"menu_order":0,"comment_status":"closed","ping_status":"closed","template":"","meta":{"_uag_custom_page_level_css":"","site-sidebar-layout":"default","site-content-layout":"","ast-site-content-layout":"default","site-content-style":"default","site-sidebar-style":"default","ast-global-header-display":"","ast-banner-title-visibility":"","ast-main-header-display":"","ast-hfb-above-header-display":"","ast-hfb-below-header-display":"","ast-hfb-mobile-header-display":"","site-post-title":"disabled","ast-breadcrumbs-content":"","ast-featured-img":"","footer-sml-layout":"","theme-transparent-header-meta":"","adv-header-id-meta":"","stick-header-meta":"","header-above-stick-meta":"","header-main-stick-meta":"","header-below-stick-meta":"","astra-migrate-meta-layouts":"set","ast-page-background-enabled":"default","ast-page-background-meta":{"desktop":{"background-color":"var(--ast-global-color-4)","background-image":"","background-repeat":"repeat","background-position":"center center","background-size":"auto","background-attachment":"scroll","background-type":"","background-media":"","overlay-type":"","overlay-color":"","overlay-opacity":"","overlay-gradient":""},"tablet":{"background-color":"","background-image":"","background-repeat":"repeat","background-position":"center center","background-size":"auto","background-attachment":"scroll","background-type":"","background-media":"","overlay-type":"","overlay-color":"","overlay-opacity":"","overlay-gradient":""},"mobile":{"background-color":"","background-image":"","background-repeat":"repeat","background-position":"center center","background-size":"auto","background-attachment":"scroll","background-type":"","background-media":"","overlay-type":"","overlay-color":"","overlay-opacity":"","overlay-gradient":""}},"ast-content-background-meta":{"desktop":{"background-color":"var(--ast-global-color-5)","background-image":"","background-repeat":"repeat","background-position":"center center","background-size":"auto","background-attachment":"scroll","background-type":"","background-media":"","overlay-type":"","overlay-color":"","overlay-opacity":"","overlay-gradient":""},"tablet":{"background-color":"var(--ast-global-color-5)","background-image":"","background-repeat":"repeat","background-position":"center center","background-size":"auto","background-attachment":"scroll","background-type":"","background-media":"","overlay-type":"","overlay-color":"","overlay-opacity":"","overlay-gradient":""},"mobile":{"background-color":"var(--ast-global-color-5)","background-image":"","background-repeat":"repeat","background-position":"center center","background-size":"auto","background-attachment":"scroll","background-type":"","background-media":"","overlay-type":"","overlay-color":"","overlay-opacity":"","overlay-gradient":""}},"footnotes":""},"class_list":["post-717","page","type-page","status-publish","hentry"],"uagb_featured_image_src":{"full":false,"thumbnail":false,"medium":false,"medium_large":false,"large":false,"1536x1536":false,"2048x2048":false},"uagb_author_info":{"display_name":"cati_admin","author_link":"https:\/\/rs.umc.edu.dz\/cati\/author\/cati_admin\/"},"uagb_comment_info":0,"uagb_excerpt":"Informations Importance de l&rsquo;innovation technologique dans le contexte universitaire Coop\u00e9ration La coop\u00e9ration et l&rsquo;\u00e9change d&rsquo;exp\u00e9riences du CATI avec d&rsquo;autres organes, notamment l&rsquo;Office National des Droits d&rsquo;Auteur (ONDA) et l&rsquo;Institut National Alg\u00e9rien de la Propri\u00e9t\u00e9 Industrielle (INAPI), rev\u00eatent une importance cruciale dans le cadre de la promotion de l&rsquo;innovation et de la protection de la propri\u00e9t\u00e9\u2026","_links":{"self":[{"href":"https:\/\/rs.umc.edu.dz\/cati\/wp-json\/wp\/v2\/pages\/717","targetHints":{"allow":["GET"]}}],"collection":[{"href":"https:\/\/rs.umc.edu.dz\/cati\/wp-json\/wp\/v2\/pages"}],"about":[{"href":"https:\/\/rs.umc.edu.dz\/cati\/wp-json\/wp\/v2\/types\/page"}],"author":[{"embeddable":true,"href":"https:\/\/rs.umc.edu.dz\/cati\/wp-json\/wp\/v2\/users\/1"}],"replies":[{"embeddable":true,"href":"https:\/\/rs.umc.edu.dz\/cati\/wp-json\/wp\/v2\/comments?post=717"}],"version-history":[{"count":15,"href":"https:\/\/rs.umc.edu.dz\/cati\/wp-json\/wp\/v2\/pages\/717\/revisions"}],"predecessor-version":[{"id":979,"href":"https:\/\/rs.umc.edu.dz\/cati\/wp-json\/wp\/v2\/pages\/717\/revisions\/979"}],"wp:attachment":[{"href":"https:\/\/rs.umc.edu.dz\/cati\/wp-json\/wp\/v2\/media?parent=717"}],"curies":[{"name":"wp","href":"https:\/\/api.w.org\/{rel}","templated":true}]}}