{"id":74,"date":"2025-05-05T11:07:33","date_gmt":"2025-05-05T09:07:33","guid":{"rendered":"http:\/\/127.0.0.1\/press\/?page_id=74"},"modified":"2025-06-16T14:11:58","modified_gmt":"2025-06-16T12:11:58","slug":"finalised-projetcs","status":"publish","type":"page","link":"https:\/\/rs.umc.edu.dz\/hpc\/index.php\/finalised-projetcs\/","title":{"rendered":"Finalised Projetcs"},"content":{"rendered":"\n<figure class=\"wp-block-table\"><table class=\"has-fixed-layout\"><thead><tr><th>N\u00b0<\/th><th>Titre<\/th><th>Auteurs<\/th><th>Journal, Conf\u00e9rence, \u2026<\/th><th>Ann\u00e9e<\/th><\/tr><\/thead><tbody><tr><td>1<\/td><td>Unveiling potent Schiff base derivatives with selective xanthine oxidase inhibition: In silico and in vitro approach<\/td><td>Bellahcene, F., K. Benarous, A. Mermer, H. Boulebd, T. Serseg, A. Linani, A. Kaouka, M. Yousfi, A. Syed, and A. M. Elgorban<\/td><td>Saudi Pharmaceutical Journal 32 (5):102062.<\/td><td>2024<\/td><\/tr><tr><td>2<\/td><td>Exploring the Anti?Cancer Potential of Hispidin: A Comprehensive in Silico and in Vitro Study on Human Osteosarcoma Saos2 Cells<\/td><td>Benarous, K., T. Serseg, A. Mermer, A. Tahmasebifar, H. Boulebd, and A. Linani<\/td><td>Chemistry &amp; Biodiversity 21 (5):e202301833.<\/td><td>2024<\/td><\/tr><tr><td>3<\/td><td>Mechanistic Insights into the Antioxidant and Pro-oxidant Activities of Bromophenols from Marine Algae: A DFT Investigation<\/td><td>Boulebd, H<\/td><td>The Journal of Organic Chemistry.<\/td><td>2024<\/td><\/tr><tr><td>4<\/td><td>Design, synthesis, theoretical studies, and biological activity evaluation of new nitrogen-containing poly heterocyclic compounds as promising antimicrobial agents<\/td><td>Cebeci, Y. U., \u00d6. \u00d6. Batur, and H. Boulebd<\/td><td>Journal of Molecular Structure 1299:137115.<\/td><td>2024<\/td><\/tr><tr><td>5<\/td><td>Bridged NHC-Pd (II) complexes: Synthesis, DFT calculations, molecular docking, and investigation of catalytic and biological activities<\/td><td>F?rat, T., N. Bu?day, ?. Ya?ar, H. Boulebd, L. Mansour, W. S. Koko, N. Hamdi, and S. Ya?ar<\/td><td>Journal of Organometallic Chemistry 1011:123129.<\/td><td>2024<\/td><\/tr><tr><td>6<\/td><td>Exploring the anticancer potential of new 3?cyanopyridine derivatives bearing N?acylhydrazone motif: Synthesis, DFT calculations, cytotoxic evaluation, molecular modeling, and antioxidant properties<\/td><td>Kadi, I., G. ?ekerci, H. Boulebd, Z. Zebbiche, S. Tekin, K. Benarous, T. Serseg, F. K\u00fc\u00e7\u00fckbay, H. K\u00fc\u00e7\u00fckbay, and T. Boumoud<\/td><td>Journal of Biochemical and Molecular Toxicology 38 (9):e23819.<\/td><td>2024<\/td><\/tr><tr><td>7<\/td><td>Anticancer, antioxidant, DFT calculations, and docking studies of some new peptide-indole conjugates<\/td><td>K\u00fc\u00e7\u00fckbay, H., Z. G\u00f6n\u00fcl, A. Kuru\u00e7ay, B. Ate?, H. Boulebd, and F. Z. K\u00fc\u00e7\u00fckbay<\/td><td>Organic Communications 17 (1).<\/td><td>2024<\/td><\/tr><tr><td>8<\/td><td>Novel quinolone-grafted chitosan derivatives with potential therapeutic properties: synthesis, characterization, in silico investigations, cholinesterase inhibitory potential, and antioxidant activity<\/td><td>Mermer, A., Y. ?irin, and H. Boulebd<\/td><td>Polymer Bulletin:1-18.<\/td><td>2024<\/td><\/tr><tr><td>9<\/td><td>Synthesis, Characterization, DFT Calculations and Anticoagulant Activity of Symmetrical and Unsymmetrical N-Aryl Thiourea Derivatives<\/td><td>Nabti, R., N. Belboukhari, K. Sekkoum, N. Boulenouar, H. Boulebd, and S. Akkal<\/td><td>Journal of the Chemical Society of Pakistan 46 (1).<\/td><td>2024<\/td><\/tr><tr><td>10<\/td><td>Synthesis, DFT calculations, and investigation of catalytic and biological activities of back?bond functionalized re?NHC?Cu complexes<\/td><td>Yagmurlu, A., N. Bu?day, ?. Ya?ar, H. Boulebd, L. Mansour, W. S. Koko, N. Hamdi, and S. Ya?ar<\/td><td>Applied Organometallic Chemistry 38 (7):e7545.<\/td><td>2024<\/td><\/tr><tr><td>11<\/td><td>DFT prediction of Dichlorvos ?-cyclodextrin inclusion complex: energetic and non-covalent interaction insights<\/td><td>Noura Naili, Amina Bena\u010fssa, Faiza Chekkal, Mohamed Amine Zerizer, Bachir Zouchoune, Abdelaziz Bouhadiba &amp; Nawel Redjem<\/td><td>Structural Chemistry https:\/\/doi.org\/10.1007\/s11224-024-02383-5<\/td><td>2024<\/td><\/tr><tr><td>12<\/td><td>Insights on the antiradical capacity and mechanism of phytocannabinoids: H-abstraction and electron transfer processes in physiological media and the influence of the acid-base equilibrium<\/td><td>Boulebd, H<\/td><td>Phytochemistry 208:113608.<\/td><td>2023<\/td><\/tr><tr><td>13<\/td><td>Examination of the Antioxidant Activity of Psoralidin: Computational Mechanistic Study and Impact on the ROS Level in Human Keratinocytes<\/td><td>Boulebd, H., and D. M. Pereira<\/td><td>The Journal of Organic Chemistry 88 (9):5745-5751.<\/td><td>2023<\/td><\/tr><tr><td>14<\/td><td>Computational assessment of the primary and secondary antioxidant potential of alkylresorcinols in physiological media<\/td><td>Boulebd, H., and M. Spiegel<\/td><td>RSC advances 13 (42):29463-29476.<\/td><td>2023<\/td><\/tr><tr><td>15<\/td><td>New piperazine-hydrazone derivatives as potential antimicrobial agents: Synthesis, characterization, biological evaluation, and in silico investigations<\/td><td>Cebeci, Y. U., \u00d6. \u00d6. Batur, and H. Boulebd<\/td><td>Journal of Molecular Structure 1289:135791.<\/td><td>2023<\/td><\/tr><tr><td>16<\/td><td>Kinetics of three commercial textile dyes decomposition by UV\/H2O2 and UV\/acetone processes: An experimental comparative study and DFT calculations<\/td><td>Hamlaoui, M., A. Sahraoui, H. Boulebd, and A. Zertal<\/td><td>Journal of Molecular Liquids 383:122212.<\/td><td>2023<\/td><\/tr><tr><td>17<\/td><td>Synthesis, antibacterial evaluation, and in silico investigations of novel 3-amino-1, 2-dihydroisoquinoline derivatives<\/td><td>Hamri, W., D. Maanani, S. Akkal, J. C. Men\u00e9ndez, and H. Boulebd<\/td><td>Structural Chemistry 34 (5):1775-1785.<\/td><td>2023<\/td><\/tr><tr><td>18<\/td><td>An eco-friendly method for the synthesis of 1, 2, 4-triazole-Schiff base derivatives in aqueous medium and DFT calculations<\/td><td>Mermer, A., and H. Boulebd<\/td><td>Journal of Molecular Structure 1271:134102.<\/td><td>2023<\/td><\/tr><tr><td>19<\/td><td>Facile Synthesis, Crystal Structure, Hirshfeld Surface Analysis, DFT Calculation and in vitro Antifungal Evaluation of 4-Arylidene-1H-pyrazol-5 (4H)-ones<\/td><td>Nemouchi, S., I. Sehout, H. Boulebd, R. Boulcina, A. Bramki, L. Bendjeddou, A. H. Benahsene, and A. Debache<\/td><td>Organic Preparations and Procedures International 55 (5):421-435.<\/td><td>2023<\/td><\/tr><tr><td>20<\/td><td>A comprehensive study of the radical scavenging activity of rosmarinic acid<\/td><td>Vo, Q. V., N. T. Hoa, M. Flavel, N. M. Thong, H. Boulebd, P. C. Nam, D. T. Quang, and A. Mechler<\/td><td>The Journal of Organic Chemistry 88 (24):17237-17248.<\/td><td>2023<\/td><\/tr><tr><td>21<\/td><td>Exploring the antioxidant properties of caffeoylquinic and feruloylquinic acids: A computational study on hydroperoxyl radical scavenging and xanthine oxidase inhibition<\/td><td>Boulebd, H., M. Carmena-Bargue\u00f1o, and H. P\u00e9rez-S\u00e1nchez<\/td><td>Antioxidants 12 (9):1669.<\/td><td>2023<\/td><\/tr><tr><td>22<\/td><td>Computational design of new tacrine analogs: an in silico prediction of their cholinesterase inhibitory, antioxidant, and hepatotoxic activities<\/td><td>Djafarou, S., I. Amine Khodja, and H. Boulebd<\/td><td>Journal of Biomolecular Structure and Dynamics 41 (1):91-105.<\/td><td>2023<\/td><\/tr><tr><td>23<\/td><td>Synthesis, Cytotoxicity, Antioxidant Activity, DFT Calculations, and Docking Studies of New Pyridine-Malonate Derivatives as Potential Anticancer Agents<\/td><td>Kadi, I., ?. G\u00fcldeniz, H. Boulebd, Z. Zebbiche, T. Suat, K. Fat\u00fcmet\u00fczzehra, Z. G\u00f6n\u00fcl, H. K\u00fc\u00e7\u00fckbay, and T. Boumoud<\/td><td>Polycyclic Aromatic Compounds:1-15.<\/td><td>2023<\/td><\/tr><tr><td>24<\/td><td>Computational insights on the antioxidant, antinitrosant, and xanthine oxidase inhibitory capacities of neobavaisoflavone<\/td><td>Boulebd, H., I. Amine Khodja, M. Carmena-Bargue\u00f1o, and H. P\u00e9rez-S\u00e1nchez<\/td><td>New Journal of Chemistry 47 (33):15797-15808.<\/td><td>2023<\/td><\/tr><tr><td>25<\/td><td>Synthesis and evaluation of the antioxidant and anti-tyrosinase activities of thiazolyl hydrazone derivatives and their application in the anti-browning of fresh-cut potato<\/td><td>Djafarou, S., A. Mermer, B. Barut, G. T. Y?lmaz, and H. Boulebd<\/td><td>Food Chemistry 414:135745.<\/td><td>2023<\/td><\/tr><tr><td>26<\/td><td>Synthesis, in vitro, and in silico studies of novel poly?heterocyclic compounds bearing pyridine and furan moieties as potential anticancer agents<\/td><td>Kadi, I., G. ?ekerci, H. Boulebd, Z. Zebbiche, S. Tekin, H. K\u00fc\u00e7\u00fckbay, F. K\u00fc\u00e7\u00fckbay, and T. Boumoud<\/td><td>Journal of Molecular Structure 1271:134054.<\/td><td>2023<\/td><\/tr><tr><td>27<\/td><td>Strain engineering of wurtzite indium nitride<\/td><td>O Namir, J Kioseoglou, Ph Komninou, Th Karakostas and I Belabbas<\/td><td>XXXVII Panhellenic Conference on Solid State Physics and Materials Science 17-20 September 2023, Thessaloniki, Greece<\/td><td>2023<\/td><\/tr><tr><td>28<\/td><td>First-principle studies of the pressure effect on calcite-I sound velocities and elastic propreties<\/td><td>NAMIR Ouahiba , BELABBAS Imad<\/td><td>1st International Seminar on Chemical Processes and Sustainable Development, (ISCPSD&rsquo;23) Skikda, 23 &#8211; 25 Octobre 2023<\/td><td>2023<\/td><\/tr><tr><td>29<\/td><td>Le nitrure d&rsquo;indium hexagonal sous contrainte biaxiale<\/td><td>NAMIR Ouahiba , BELABBAS Imad<\/td><td>ourn\u00e9es Nationales des Sciences de la Mati\u00e8re, JNSM&rsquo;2023 Universit\u00e9 de Bejaia, du 21 au 22 Juin 2023<\/td><td>2023<\/td><\/tr><tr><td>30<\/td><td>Investigation of the structure-property relationships of pillar[5]arene and other supramolecular compounds for environmental remediation<\/td><td>Noura Naili, Amina Benaissa, Faiza chekkal, Houda Cheniguer, Rahma Tabbai Djeffel<\/td><td>SISTA VRNB 20- 22 D\u00e9cembre 2023 Amir Palace &#8211; Monastir, Tunisie.<\/td><td>2023<\/td><\/tr><tr><td>31<\/td><td>Exploring the Use of Beta-Cyclodextrin for the Removal of Para-Xylene: A Quantum Chemical Perspective<\/td><td>Noura Naili, Amina Benaissa, Faiza Chekkal , Hamada Said, Daifallah Farouk, Mecheri Imad<\/td><td>(ICPET&rsquo;23), 21-23 November, 2023<\/td><td>2023<\/td><\/tr><tr><td>32<\/td><td>Computational Modeling Of Metrifonate Cyclodextrin Complex<\/td><td>Naili Noura, Chekkal Faiza, Benaissa Amina<\/td><td>(ISCPSD&rsquo;23) 23 &#8211; 25 October 2023, Skikda, Algeria<\/td><td>2023<\/td><\/tr><tr><td>33<\/td><td>Pd-NHC complex catalyzed CH bond activation reactions of caffeine and 2-isobuthylthiazole<\/td><td>Bu?day, N., S. Khan, S. Ya?ar, F. Bulut, H. Boulebd, H. Karab?y?k, H. Karab?y?k, E. \u00d6z, A. U. Rehman, and ?. \u00d6zdemir<\/td><td>Molecular Catalysis 530:112590.<\/td><td>2022<\/td><\/tr><tr><td>34<\/td><td>The radical scavenger capacity and mechanism of prenylated coumestan-type compounds: a DFT analysis<\/td><td>Djafarou, S., and H. Boulebd<\/td><td>Free Radical Research 56 (3-4):273-281.<\/td><td>2022<\/td><\/tr><tr><td>35<\/td><td>Synthesis of Dihydroxamic Acids from Dinitrones, Structural Characterization and Antimicrobial Activities<\/td><td>Mahieddine, C., S. Zerkout, S. Rayane, H. Boulebd, A. Laassami, and S. Akkal<\/td><td>Journal of the Chemical Society of Pakistan 44 (2).<\/td><td>2022<\/td><\/tr><tr><td>36<\/td><td>HPLC\u2013DAD\u2013ESI\/MS profiles of bioactive compounds, antioxidant and anticholinesterase activities of Ephedra alata subsp. alenda growing in Algeria<\/td><td>Noui, A., T. Boudiar, H. Boulebd, L. Gali, M. del Mar Contreras, A. Segura-Carretero, G. Nieto, and S. Akkal<\/td><td>Natural Product Research 36 (22):5910-5915.<\/td><td>2022<\/td><\/tr><tr><td>37<\/td><td>New benzimidazolium N-heterocyclic carbene precursors and their related Pd-NHC complex PEPPSI-type: Synthesis, structures, DFT calculations, biological activity, docking study, and catalytic application in the direct arylation<\/td><td>Sandeli, A. E.-K., H. Boulebd, N. Khiri-Meribout, S. Benzerka, C. Bensouici, N. \u00d6zdemir, N. G\u00fcrb\u00fcz, and ?. \u00d6zdemir<\/td><td>Journal of Molecular Structure 1248:131504.<\/td><td>2022<\/td><\/tr><tr><td>38<\/td><td>Preparation, DFT calculations, docking studies, antioxidant, and anticancer properties of new pyrazole and pyridine derivatives<\/td><td>Zebbiche, Z., G. ?ekerci, H. Boulebd, F. K\u00fc\u00e7\u00fckbay, S. Tekin, Z. Tekin, H. K\u00fc\u00e7\u00fckbay, S. Sandal, and B. Boumoud<\/td><td>Journal of Biochemical and Molecular Toxicology 36 (9):e23135.<\/td><td>2022<\/td><\/tr><tr><td>39<\/td><td>Computational analysis of peroxyl radical scavenging capacity of coumestrol: insights into kinetics and reaction mechanisms<\/td><td>Boulebd, H.<\/td><td>Journal of Physical Organic Chemistry 35 (12):e4421.<\/td><td>2022<\/td><\/tr><tr><td>40<\/td><td>Insights on the kinetics and mechanisms of the peroxyl radical scavenging capacity of caftaric acid: The important role of the acid\u2013base equilibrium<\/td><td>Boulebd, H., A. Mechler, N. T. Hoa, and Q. V. Vo<\/td><td>New Journal of Chemistry 46 (16):7403-7409.<\/td><td>2022<\/td><\/tr><tr><td>41<\/td><td>Is cannabidiolic acid an overlooked natural antioxidant? Insights from quantum chemistry calculations<\/td><td>Boulebd, H<\/td><td>New Journal of Chemistry 46 (1):162-168.<\/td><td>2022<\/td><\/tr><tr><td>42<\/td><td>Assessment of the free radical scavenging potential of cannabidiol under physiological conditions: Theoretical and experimental investigations<\/td><td>Boulebd, H., D. M. Pereira, I. A. Khodja, N. T. Hoa, A. Mechler, and Q. V. Vo<\/td><td>Journal of Molecular Liquids 346:118277.<\/td><td>2022<\/td><\/tr><tr><td>43<\/td><td>Radical scavenging behavior of butylated hydroxytoluene against oxygenated free radicals in physiological environments: Insights from DFT calculations<\/td><td>Boulebd, H<\/td><td>International Journal of Chemical Kinetics 54 (1):50-57.<\/td><td>2022<\/td><\/tr><tr><td>44<\/td><td>Synthesis and radical scavenging activity of new phenolic hydrazone\/hydrazide derivatives: Experimental and theoretical studies<\/td><td>Boulebd, H., Y. Zine, I. A. Khodja, A. Mermer, A. Demir, and A. Debache<\/td><td>Journal of Molecular Structure 1249:131546.<\/td><td>2022<\/td><\/tr><tr><td>45<\/td><td>Structure-activity relationship of antioxidant prenylated (iso) flavonoid-type compounds: quantum chemistry and molecular docking studies<\/td><td>Boulebd, H<\/td><td>Journal of Biomolecular Structure and Dynamics 40 (20):10373-10382.<\/td><td>2022<\/td><\/tr><tr><td>46<\/td><td>Nuclear structure investigation of even-even proton rich nuclei in vicinity of rp-process path.<\/td><td>Fatima Benrachi Nadjet laouet<\/td><td>5th International conference on sustainable sciences and technology 1-3 july 2022<\/td><td>2022<\/td><\/tr><tr><td>47<\/td><td>MOLECULAR MODELING STUDY OF DEPOLLUTION OF LINURON BY INCLUSION COMPLEXATION WITH Beta-CYCLODEXTRIN<\/td><td>Amina Benaissa ; a Faiza CHEKKAL , Noura NAILI , Mohamed saleh MEDJRAM<\/td><td>The first national Seminar on Green Chemistry and Natural Products (GCNP&rsquo;22)<\/td><td>2022<\/td><\/tr><tr><td>48<\/td><td>Depollution of chlorpyriphos from ground water by inclusion complexation of Curcubit Q[8]<\/td><td>Amina Benaissa ; a Faiza CHEKKAL , Noura NAILI<\/td><td>1er S\u00e9minaire National sur L&rsquo;Agriculture Durable et la Biodiversit\u00e9 11 et 12 Mai 2022<\/td><td>2022<\/td><\/tr><tr><td>49<\/td><td>Quantum chemistry simulation of the electronic properties in the encapsulation of Demeton-S-Methyl and ?-cyclodextrin<\/td><td>Noura NAILI , Amina BENAISSA, Faiza CHEKKAL<\/td><td>The first National Seminar on Green Chemistry and Natural Products \u00ab\u00a0NGCNP2022\u00a0\u00bb<\/td><td>2022<\/td><\/tr><tr><td>50<\/td><td>H-bond interactions and electronic structure in the cyclodextrin\/metrifonate compound.<\/td><td>Noura naili, Faiza chekkal, Amina benaissa;<\/td><td>(ICPOC 2022) 11-12 Octobre 2022 Skikda.<\/td><td>2022<\/td><\/tr><tr><td>51<\/td><td>Dection Of organophosphor\u00e9s Pesticides Via Cyclodextrin: Molecular Modelling<\/td><td>NAILI Noura, BENAISSA Amina, CHEKKAL Faiza<\/td><td>(SNADB 2022) 11-12 Mai 2022 Skikda<\/td><td>2022<\/td><\/tr><tr><td>52<\/td><td>Modeling the peroxyl radical scavenging behavior of Carnosic acid: Mechanism, kinetics, and effects of physiological environments<\/td><td>Boulebd H<\/td><td>Phytochemistry<\/td><td>2021<\/td><\/tr><tr><td>53<\/td><td>Synthesis, structures, DFT calculations, and catalytic application in the direct arylation of five-membered heteroarenes with aryl bromides of novel palladium-N-heterocyclic carbene PEPPSI-type complexes<\/td><td>Sandeli, Abd el-Krim; Khiri-Meribout, Naima; Benzerka, Saida; Boulebd, Houssem; Gurbuz, Nevin; Ozdemir, Namik; Ozdemir, Ismail<\/td><td>New Journal of Chemistry<\/td><td>2021<\/td><\/tr><tr><td>54<\/td><td>Radical scavenging behavior of butylated hydroxytoluene against oxygenated free radicals in physiological environments: Insights from DFT calculations<\/td><td>Boulebd H<\/td><td>International Journal of Chemical Kinetics<\/td><td>2021<\/td><\/tr><tr><td>55<\/td><td>A detailed DFT-based study of the free radical scavenging activity and mechanism of daphnetin in physiological environments<\/td><td>Boulebd H, Amine Khodja I<\/td><td>Phytochemistry<\/td><td>2021<\/td><\/tr><tr><td>56<\/td><td>Structure-activity relationship of antioxidant prenylated (iso)flavonoid-type compounds: quantum chemistry and molecular docking studies<\/td><td>Boulebd H<\/td><td>Journal of Biomolecular Structure and Dynamics<\/td><td>2021<\/td><\/tr><tr><td>57<\/td><td>Insights into the mechanisms and kinetics of the hydroperoxyl radical scavenging activity of Artepillin C<\/td><td>Boulebd H<\/td><td>New Journal of Chemistry<\/td><td>2021<\/td><\/tr><tr><td>58<\/td><td>Are thymol, rosefuran, terpinolene and umbelliferone good scavengers of peroxyl radicals?<\/td><td>Boulebd H<\/td><td>Phytochemistry<\/td><td>2021<\/td><\/tr><tr><td>59<\/td><td>Is cannabidiolic acid an overlooked natural antioxidant? Insights from quantum chemistry calculations<\/td><td>Boulebd H<\/td><td>New Journal of Chemistry<\/td><td>2021<\/td><\/tr><tr><td>60<\/td><td>Free radical scavenging activity and mechanisms of amidoalkyl-2-naphthol derivative: a joint experimental and theoretical study<\/td><td>Khawla Boudebbous, Noudjoud Hamdouni, Houssem Boulebd, Wissam Zemamouche, Ali Boudjada, Abdemadjid Debache<\/td><td>Chemical Papers<\/td><td>2021<\/td><\/tr><tr><td>61<\/td><td>Synthesis, crystal structure, Hirshfeld surface analysis, biological evaluation, DFT calculations, and in silico ADME analysis of 4-arylidene pyrazolone derivatives as promising antibacterial agents<\/td><td>Imene Sehout, Houssem Boulebd, Raouf Boulcina, Sara Nemouchi, Lamia Bendjeddou, Amina Bramki, Hocine Merazig, Abdelmadjid Debache<\/td><td>Journal of Molecular Structure<\/td><td>2021<\/td><\/tr><\/tbody><\/table><\/figure>\n","protected":false},"excerpt":{"rendered":"<p>N\u00b0 Titre Auteurs Journal, Conf\u00e9rence, \u2026 Ann\u00e9e 1 Unveiling potent Schiff base derivatives [&hellip;]<\/p>\n","protected":false},"author":1,"featured_media":0,"parent":0,"menu_order":0,"comment_status":"closed","ping_status":"closed","template":"","meta":{"footnotes":""},"class_list":["post-74","page","type-page","status-publish","hentry"],"_links":{"self":[{"href":"https:\/\/rs.umc.edu.dz\/hpc\/index.php\/wp-json\/wp\/v2\/pages\/74","targetHints":{"allow":["GET"]}}],"collection":[{"href":"https:\/\/rs.umc.edu.dz\/hpc\/index.php\/wp-json\/wp\/v2\/pages"}],"about":[{"href":"https:\/\/rs.umc.edu.dz\/hpc\/index.php\/wp-json\/wp\/v2\/types\/page"}],"author":[{"embeddable":true,"href":"https:\/\/rs.umc.edu.dz\/hpc\/index.php\/wp-json\/wp\/v2\/users\/1"}],"replies":[{"embeddable":true,"href":"https:\/\/rs.umc.edu.dz\/hpc\/index.php\/wp-json\/wp\/v2\/comments?post=74"}],"version-history":[{"count":5,"href":"https:\/\/rs.umc.edu.dz\/hpc\/index.php\/wp-json\/wp\/v2\/pages\/74\/revisions"}],"predecessor-version":[{"id":487,"href":"https:\/\/rs.umc.edu.dz\/hpc\/index.php\/wp-json\/wp\/v2\/pages\/74\/revisions\/487"}],"wp:attachment":[{"href":"https:\/\/rs.umc.edu.dz\/hpc\/index.php\/wp-json\/wp\/v2\/media?parent=74"}],"curies":[{"name":"wp","href":"https:\/\/api.w.org\/{rel}","templated":true}]}}