{"id":52,"date":"2024-10-03T16:08:54","date_gmt":"2024-10-03T15:08:54","guid":{"rendered":"https:\/\/rs.umc.edu.dz\/mia\/about\/"},"modified":"2025-05-11T09:05:03","modified_gmt":"2025-05-11T08:05:03","slug":"about","status":"publish","type":"page","link":"https:\/\/rs.umc.edu.dz\/mia\/about\/","title":{"rendered":"About"},"content":{"rendered":"\n<div class=\"wp-block-uagb-container uagb-block-a6be1363 alignfull uagb-is-root-container\"><div class=\"uagb-container__shape uagb-container__shape-bottom uagb-container__shape-flip uagb-container__invert\" data-negative=\"false\"><svg xmlns=\"https:\/\/www.w3.org\/2000\/svg\" viewBox=\"0 0 1000 100\" preserveAspectRatio=\"none\"><path class=\"uagb-container__shape-fill\" d=\"M0,6V0h1000v100L0,6z\"><\/path><\/svg><\/div><div class=\"uagb-container-inner-blocks-wrap\">\n<div class=\"wp-block-uagb-advanced-heading uagb-block-81d18f4d\"><p class=\"uagb-desc-text\">Bienvenue<\/p><h1 class=\"uagb-heading-text\">Maison de l&rsquo;Intelligence Artificielle, au c\u0153ur de l&rsquo;innovation<\/h1><\/div>\n<\/div><\/div>\n\n\n\n<div class=\"wp-block-uagb-container uagb-block-9dbb18d7 alignfull uagb-is-root-container\"><div class=\"uagb-container-inner-blocks-wrap\">\n<div class=\"wp-block-uagb-advanced-heading uagb-block-1fd5f659\"><p class=\"uagb-desc-text\">Qui nous sommes<\/p><h2 class=\"uagb-heading-text\">La Maison  d&rsquo;Intelligence Artificielle <\/h2><\/div>\n\n\n\n<div class=\"wp-block-uagb-container uagb-layout-grid uagb-block-84e20ad5\">\n<div class=\"wp-block-uagb-image alignleft uagb-block-52eed376 wp-block-uagb-image--layout-default wp-block-uagb-image--effect-static wp-block-uagb-image--align-left\"><figure class=\"wp-block-uagb-image__figure\"><img decoding=\"async\" srcset=\"https:\/\/rs.umc.edu.dz\/mia\/wp-content\/uploads\/2025\/02\/IA-5-1024x771.jpeg ,https:\/\/rs.umc.edu.dz\/mia\/wp-content\/uploads\/2025\/02\/IA-5.jpeg 780w, https:\/\/rs.umc.edu.dz\/mia\/wp-content\/uploads\/2025\/02\/IA-5.jpeg 360w\" sizes=\"auto, (max-width: 480px) 150px\" src=\"https:\/\/rs.umc.edu.dz\/mia\/wp-content\/uploads\/2025\/02\/IA-5-1024x771.jpeg\" alt=\"\" class=\"uag-image-329\" width=\"500\" height=\"450\" title=\"IA (5)\" loading=\"lazy\" role=\"img\"\/><\/figure><\/div>\n\n\n\n<div class=\"wp-block-uagb-info-box uagb-block-de5ccef8 uagb-infobox__content-wrap  uagb-infobox-icon-above-title uagb-infobox-image-valign-top wp-block-uagb-info-box--has-margin\"><div class=\"uagb-infobox-margin-wrapper\"><div class=\"uagb-ifb-content\"><div class=\"uagb-ifb-title-wrap\"><h3 class=\"uagb-ifb-title-prefix\">Nous avons aid\u00e9 des startups \u00e0 d\u00e9velopper des solutions d&rsquo;intelligence artificielle qui ont transform\u00e9 leur fonctionnement et \u00e9largi leur port\u00e9e sur le march\u00e9.<\/h3><p class=\"uagb-ifb-title\">Notre institution, int\u00e9gr\u00e9e \u00e0 l&rsquo;universit\u00e9 de Constantine 1 Fr\u00e8res Mentouri, a r\u00e9ussi \u00e0 \u00e9tablir des partenariats fructueux avec de nombreuses entreprises locales, leur permettant d&rsquo;exploiter l&rsquo;intelligence artificielle pour am\u00e9liorer leurs processus m\u00e9tiers. Gr\u00e2ce \u00e0 nos programmes, nous avons form\u00e9 des centaines d&rsquo;\u00e9tudiants et de chercheurs, contribuant ainsi \u00e0 une communaut\u00e9 universitaire dynamique et innovante qui propulse la recherche scientifique vers de nouveaux sommets.<\/p><\/div><p class=\"uagb-ifb-desc\">Notre engagement envers l&rsquo;innovation a d\u00e9j\u00e0 permis \u00e0 de nombreux jeunes chercheurs de publier leurs travaux et d&rsquo;attirer l&rsquo;attention sur l&rsquo;importance de l&rsquo;intelligence artificielle.<\/p><\/div><\/div><\/div>\n<\/div>\n<\/div><\/div>\n\n\n\n<div class=\"wp-block-uagb-container uagb-layout-grid uagb-block-80731fa3 alignfull uagb-is-root-container\"><div class=\"uagb-container__shape uagb-container__shape-top uagb-container__shape-flip\"><svg xmlns=\"https:\/\/www.w3.org\/2000\/svg\" viewBox=\"0 0 1000 100\" preserveAspectRatio=\"none\"><path class=\"uagb-container__shape-fill\" d=\"M0,6V0h1000v100L0,6z\"><\/path><\/svg><\/div><div class=\"uagb-container__shape uagb-container__shape-bottom uagb-container__shape-flip uagb-container__invert\" data-negative=\"false\"><svg xmlns=\"https:\/\/www.w3.org\/2000\/svg\" viewBox=\"0 0 1000 100\" preserveAspectRatio=\"none\"><path class=\"uagb-container__shape-fill\" d=\"M0,6V0h1000v100L0,6z\"><\/path><\/svg><\/div><div class=\"uagb-container-inner-blocks-wrap\">\n<div class=\"wp-block-uagb-info-box uagb-block-4184a682 uagb-infobox__content-wrap  uagb-infobox-icon-above-title uagb-infobox-image-valign-top wp-block-uagb-info-box--has-margin\"><div class=\"uagb-infobox-margin-wrapper\"><div class=\"uagb-ifb-content\"><div class=\"uagb-ifb-title-wrap\"><span class=\"uagb-ifb-title-prefix\">Notre Histoire<\/span><h2 class=\"uagb-ifb-title\">L&rsquo;\u00e9volution de Maison de l&rsquo;Intelligence Artificielle<\/h2><\/div><p class=\"uagb-ifb-desc\">Fond\u00e9e en 2023, la Maison de l&rsquo;Intelligence Artificielle a \u00e9t\u00e9 cr\u00e9\u00e9e pour r\u00e9pondre aux d\u00e9fis li\u00e9s \u00e0 l&rsquo;int\u00e9gration de l&rsquo;IA dans l&rsquo;\u00e9ducation et la recherche. En s&rsquo;affiliant \u00e0 l&rsquo;universit\u00e9 de Constantine 1 Fr\u00e8res Mentouri, elle s&rsquo;est vite impos\u00e9e comme un espace de collaboration et d&rsquo;innovation, soutenant des \u00e9v\u00e9nements et des programmes pour les \u00e9tudiants, enseignants et chercheurs tout en accompagnant les startups locales dans leur d\u00e9veloppement.<\/p><\/div><\/div><\/div>\n\n\n\n<div class=\"wp-block-uagb-image alignright uagb-block-eb3eeb07 wp-block-uagb-image--layout-default wp-block-uagb-image--effect-static wp-block-uagb-image--align-right\"><figure class=\"wp-block-uagb-image__figure\"><img decoding=\"async\" srcset=\"https:\/\/rs.umc.edu.dz\/mia\/wp-content\/uploads\/2024\/10\/intro-bg.jpg ,https:\/\/rs.umc.edu.dz\/mia\/wp-content\/uploads\/2024\/10\/intro-bg.jpg 780w, https:\/\/rs.umc.edu.dz\/mia\/wp-content\/uploads\/2024\/10\/intro-bg.jpg 360w\" sizes=\"auto, (max-width: 480px) 150px\" src=\"https:\/\/rs.umc.edu.dz\/mia\/wp-content\/uploads\/2024\/10\/intro-bg.jpg\" alt=\"\" class=\"uag-image-11\" width=\"500\" height=\"450\" title=\"our-story\" loading=\"lazy\" role=\"img\"\/><\/figure><\/div>\n<\/div><\/div>\n\n\n\n<div class=\"wp-block-uagb-container uagb-block-f7d88070 alignfull uagb-is-root-container\"><div class=\"uagb-container-inner-blocks-wrap\">\n<div class=\"wp-block-uagb-advanced-heading uagb-block-87470b0a\"><p class=\"uagb-desc-text\">Notre Engagement<\/p><h2 class=\"uagb-heading-text\">Missions et Valeurs de notre Institution<\/h2><\/div>\n\n\n\n<div class=\"wp-block-uagb-container uagb-block-6215ea89\">\n<div class=\"wp-block-uagb-advanced-heading uagb-block-809e447c\"><h3 class=\"uagb-heading-text\">Notre Mission<\/h3><p class=\"uagb-desc-text\">La Maison de l&rsquo;Intelligence Artificielle s&rsquo;engage \u00e0 promouvoir l&rsquo;innovation en intelligence artificielle \u00e0 travers l&rsquo;\u00e9ducation, la recherche et la collaboration. Nous visons \u00e0 cr\u00e9er un r\u00e9seau dynamique qui favorise les synergies entre les acteurs acad\u00e9miques et les startups pour enrichir le parcours \u00e9ducatif et soutenir le d\u00e9veloppement socio-\u00e9conomique local.<\/p><\/div>\n\n\n\n<div class=\"wp-block-uagb-separator uagb-block-7f2a0cab\"><div class=\"wp-block-uagb-separator__inner\" style=\"--my-background-image:\"><\/div><\/div>\n\n\n\n<div class=\"wp-block-uagb-advanced-heading uagb-block-0cc4a98e\"><h3 class=\"uagb-heading-text\">Nos Valeurs<\/h3><p class=\"uagb-desc-text\">Nous croyons en l&rsquo;interdisciplinarit\u00e9, l&rsquo;innovation et l&rsquo;accessibilit\u00e9. Notre institution valorise la recherche collaborative et la vulgarisation scientifique pour rendre l&rsquo;intelligence artificielle accessible \u00e0 tous. Nous nous engageons \u00e9galement \u00e0 soutenir la communaut\u00e9 universitaire et \u00e0 cr\u00e9er un environnement propice \u00e0 l&rsquo;apprentissage et \u00e0 l&rsquo;\u00e9change d&rsquo;id\u00e9es entre \u00e9tudiants, chercheurs et entrepreneurs.<\/p><\/div>\n<\/div>\n<\/div><\/div>\n\n\n\n<div class=\"wp-block-uagb-container uagb-block-df8ee77f alignfull uagb-is-root-container\"><div class=\"uagb-container__shape uagb-container__shape-top uagb-container__shape-flip\"><svg xmlns=\"https:\/\/www.w3.org\/2000\/svg\" viewBox=\"0 0 1000 100\" preserveAspectRatio=\"none\"><path class=\"uagb-container__shape-fill\" d=\"M0,6V0h1000v100L0,6z\"><\/path><\/svg><\/div><div class=\"uagb-container-inner-blocks-wrap\">\n<div class=\"wp-block-uagb-advanced-heading uagb-block-da70d213\"><p class=\"uagb-desc-text\">Notre \u00c9quipe<\/p><h2 class=\"uagb-heading-text\">Rencontrez notre \u00e9quipe d\u00e9di\u00e9e<\/h2><\/div>\n\n\n\n<div class=\"wp-block-uagb-container uagb-block-d0e3ffef\">\n<div class=\"wp-block-uagb-container uagb-block-66fe1c83\">\n<div class=\"wp-block-uagb-info-box uagb-block-9fa154fb uagb-infobox__content-wrap  uagb-infobox-icon-above-title uagb-infobox-image-valign-top\"><div class=\"uagb-ifb-content\"><div class=\"uagb-ifb-image-content\"><img decoding=\"async\" src=\"https:\/\/rs.umc.edu.dz\/mia\/wp-content\/uploads\/2025\/02\/ncaia12-150x150.jpg\" alt=\"\" width=\"150\" height=\"150\" loading=\"lazy\"\/><\/div><div class=\"uagb-ifb-title-wrap\"><p class=\"uagb-ifb-title\"><br> Dr SADOUNI, Salheddine<\/p><\/div><p class=\"uagb-ifb-desc\">directeur Maison IA<\/p><\/div><\/div>\n<\/div>\n\n\n\n<div class=\"wp-block-uagb-container uagb-block-a31af704\">\n<div class=\"wp-block-uagb-info-box uagb-block-2b47405f uagb-infobox__content-wrap  uagb-infobox-icon-above-title uagb-infobox-image-valign-top\"><div class=\"uagb-ifb-content\"><div class=\"uagb-ifb-image-content\"><img decoding=\"async\" src=\"https:\/\/rs.umc.edu.dz\/mia\/wp-content\/uploads\/2025\/02\/cropped-logoMIA-150x150.jpg\" alt=\"\" width=\"150\" height=\"150\" loading=\"lazy\"\/><\/div><div class=\"uagb-ifb-title-wrap\"><p class=\"uagb-ifb-title\">******<\/p><\/div><p class=\"uagb-ifb-desc\">**<\/p><\/div><\/div>\n<\/div>\n\n\n\n<div class=\"wp-block-uagb-container uagb-block-5755988a\">\n<div class=\"wp-block-uagb-info-box uagb-block-8a861bdd uagb-infobox__content-wrap  uagb-infobox-icon-above-title uagb-infobox-image-valign-top\"><div class=\"uagb-ifb-content\"><div class=\"uagb-ifb-image-content\"><img decoding=\"async\" src=\"https:\/\/rs.umc.edu.dz\/mia\/wp-content\/uploads\/2025\/02\/cropped-logoMIA-150x150.jpg\" alt=\"\" width=\"150\" height=\"150\" loading=\"lazy\"\/><\/div><div class=\"uagb-ifb-title-wrap\"><p class=\"uagb-ifb-title\">*********<\/p><\/div><p class=\"uagb-ifb-desc\">**<\/p><\/div><\/div>\n<\/div>\n<\/div>\n<\/div><\/div>\n\n\n\n<div class=\"wp-block-uagb-container uagb-block-6f82293b alignfull uagb-is-root-container\"><div class=\"uagb-container__shape uagb-container__shape-top uagb-container__shape-flip\"><svg xmlns=\"https:\/\/www.w3.org\/2000\/svg\" viewBox=\"0 0 1000 100\" preserveAspectRatio=\"none\"><path class=\"uagb-container__shape-fill\" d=\"M0,6V0h1000v100L0,6z\"><\/path><\/svg><\/div><div class=\"uagb-container-inner-blocks-wrap\">\n<div class=\"wp-block-uagb-info-box uagb-block-2de13869 uagb-infobox__content-wrap  uagb-infobox-icon-above-title uagb-infobox-image-valign-top wp-block-uagb-info-box--has-margin\"><div class=\"uagb-infobox-margin-wrapper\"><div class=\"uagb-ifb-content\"><div class=\"uagb-ifb-title-wrap\"><span class=\"uagb-ifb-title-prefix\">Rejoignez-nous<\/span><h2 class=\"uagb-ifb-title\">Participez \u00e0 notre aventure sur l&rsquo;intelligence artificielle aujourd&rsquo;hui<\/h2><\/div><p class=\"uagb-ifb-desc\">Inscrivez-vous pour recevoir les derni\u00e8res nouvelles et opportunit\u00e9s de collaboration.<\/p><div class=\"uagb-ifb-button-wrapper wp-block-button\"><a href=\"https:\/\/rs.umc.edu.dz\/mia\/\" class=\"uagb-infobox-cta-link wp-block-button__link\" target=\"_self\" rel=\"noopener noreferrer\" onclick=\"return true;\"><span class=\"uagb-inline-editing\">D\u00e9couvrez-nous<\/span><\/a><\/div><\/div><\/div><\/div>\n<\/div><\/div>\n","protected":false},"excerpt":{"rendered":"<p>Bienvenue Maison de l&rsquo;Intelligence Artificielle, au c\u0153ur de l&rsquo;innovation Qui nous sommes La Maison d&rsquo;Intelligence Artificielle Notre Engagement Missions et [&hellip;]<\/p>\n","protected":false},"author":1,"featured_media":0,"parent":0,"menu_order":0,"comment_status":"closed","ping_status":"closed","template":"","meta":{"_uag_custom_page_level_css":"","site-sidebar-layout":"default","site-content-layout":"","ast-site-content-layout":"","site-content-style":"default","site-sidebar-style":"default","ast-global-header-display":"","ast-banner-title-visibility":"","ast-main-header-display":"","ast-hfb-above-header-display":"","ast-hfb-below-header-display":"","ast-hfb-mobile-header-display":"","site-post-title":"disabled","ast-breadcrumbs-content":"","ast-featured-img":"","footer-sml-layout":"","theme-transparent-header-meta":"","adv-header-id-meta":"","stick-header-meta":"","header-above-stick-meta":"","header-main-stick-meta":"","header-below-stick-meta":"","astra-migrate-meta-layouts":"default","ast-page-background-enabled":"default","ast-page-background-meta":{"desktop":{"background-color":"var(--ast-global-color-4)","background-image":"","background-repeat":"repeat","background-position":"center center","background-size":"auto","background-attachment":"scroll","background-type":"","background-media":"","overlay-type":"","overlay-color":"","overlay-opacity":"","overlay-gradient":""},"tablet":{"background-color":"","background-image":"","background-repeat":"repeat","background-position":"center center","background-size":"auto","background-attachment":"scroll","background-type":"","background-media":"","overlay-type":"","overlay-color":"","overlay-opacity":"","overlay-gradient":""},"mobile":{"background-color":"","background-image":"","background-repeat":"repeat","background-position":"center center","background-size":"auto","background-attachment":"scroll","background-type":"","background-media":"","overlay-type":"","overlay-color":"","overlay-opacity":"","overlay-gradient":""}},"ast-content-background-meta":{"desktop":{"background-color":"var(--ast-global-color-5)","background-image":"","background-repeat":"repeat","background-position":"center center","background-size":"auto","background-attachment":"scroll","background-type":"","background-media":"","overlay-type":"","overlay-color":"","overlay-opacity":"","overlay-gradient":""},"tablet":{"background-color":"var(--ast-global-color-5)","background-image":"","background-repeat":"repeat","background-position":"center center","background-size":"auto","background-attachment":"scroll","background-type":"","background-media":"","overlay-type":"","overlay-color":"","overlay-opacity":"","overlay-gradient":""},"mobile":{"background-color":"var(--ast-global-color-5)","background-image":"","background-repeat":"repeat","background-position":"center center","background-size":"auto","background-attachment":"scroll","background-type":"","background-media":"","overlay-type":"","overlay-color":"","overlay-opacity":"","overlay-gradient":""}},"footnotes":""},"class_list":["post-52","page","type-page","status-publish","hentry"],"uagb_featured_image_src":{"full":false,"thumbnail":false,"medium":false,"medium_large":false,"large":false,"1536x1536":false,"2048x2048":false},"uagb_author_info":{"display_name":"mia_admin","author_link":"https:\/\/rs.umc.edu.dz\/mia\/author\/mia_admin\/"},"uagb_comment_info":0,"uagb_excerpt":"Bienvenue Maison de l&rsquo;Intelligence Artificielle, au c\u0153ur de l&rsquo;innovation Qui nous sommes La Maison d&rsquo;Intelligence Artificielle Notre Engagement Missions et [&hellip;]","_links":{"self":[{"href":"https:\/\/rs.umc.edu.dz\/mia\/wp-json\/wp\/v2\/pages\/52","targetHints":{"allow":["GET"]}}],"collection":[{"href":"https:\/\/rs.umc.edu.dz\/mia\/wp-json\/wp\/v2\/pages"}],"about":[{"href":"https:\/\/rs.umc.edu.dz\/mia\/wp-json\/wp\/v2\/types\/page"}],"author":[{"embeddable":true,"href":"https:\/\/rs.umc.edu.dz\/mia\/wp-json\/wp\/v2\/users\/1"}],"replies":[{"embeddable":true,"href":"https:\/\/rs.umc.edu.dz\/mia\/wp-json\/wp\/v2\/comments?post=52"}],"version-history":[{"count":7,"href":"https:\/\/rs.umc.edu.dz\/mia\/wp-json\/wp\/v2\/pages\/52\/revisions"}],"predecessor-version":[{"id":392,"href":"https:\/\/rs.umc.edu.dz\/mia\/wp-json\/wp\/v2\/pages\/52\/revisions\/392"}],"wp:attachment":[{"href":"https:\/\/rs.umc.edu.dz\/mia\/wp-json\/wp\/v2\/media?parent=52"}],"curies":[{"name":"wp","href":"https:\/\/api.w.org\/{rel}","templated":true}]}}