{"id":53,"date":"2024-10-03T16:08:54","date_gmt":"2024-10-03T15:08:54","guid":{"rendered":"https:\/\/rs.umc.edu.dz\/mia\/services\/"},"modified":"2025-04-08T13:14:47","modified_gmt":"2025-04-08T12:14:47","slug":"services","status":"publish","type":"page","link":"https:\/\/rs.umc.edu.dz\/mia\/services\/","title":{"rendered":"Services"},"content":{"rendered":"\n<div class=\"wp-block-uagb-container uagb-block-a6be1363 alignfull uagb-is-root-container\"><div class=\"uagb-container__shape uagb-container__shape-bottom uagb-container__shape-flip uagb-container__invert\" data-negative=\"false\"><svg xmlns=\"https:\/\/www.w3.org\/2000\/svg\" viewBox=\"0 0 1000 100\" preserveAspectRatio=\"none\"><path class=\"uagb-container__shape-fill\" d=\"M0,6V0h1000v100L0,6z\"><\/path><\/svg><\/div><div class=\"uagb-container-inner-blocks-wrap\">\n<div class=\"wp-block-uagb-advanced-heading uagb-block-81d18f4d\"><p class=\"uagb-desc-text\">Services<\/p><h1 class=\"uagb-heading-text\">Nos services d\u00e9di\u00e9s \u00e0 l&rsquo;IA<\/h1><\/div>\n<\/div><\/div>\n\n\n\n<div class=\"wp-block-uagb-container uagb-block-5e795505 alignfull uagb-is-root-container\"><div class=\"uagb-container-inner-blocks-wrap\">\n<div class=\"wp-block-uagb-container uagb-layout-flex uagb-block-072f422e\">\n<div class=\"wp-block-uagb-container uagb-layout-grid uagb-block-207e88ff\">\n<div class=\"wp-block-uagb-advanced-heading uagb-block-f273d26c\"><h2 class=\"uagb-heading-text\">01.<\/h2><\/div>\n\n\n\n<div class=\"wp-block-group is-layout-constrained wp-block-group-is-layout-constrained\">\n<div class=\"wp-block-uagb-advanced-heading uagb-block-d4c852b6\"><h3 class=\"uagb-heading-text\">Formation en IA<\/h3><p class=\"uagb-desc-text\">Offrant des cours pratiques et th\u00e9oriques, nos formations visent \u00e0 d\u00e9velopper les comp\u00e9tences n\u00e9cessaires pour exceller dans le domaine de l&rsquo;intelligence artificielle.<\/p><\/div>\n<\/div>\n<\/div>\n\n\n\n<div class=\"wp-block-uagb-image alignleft uagb-block-0a5f8551 wp-block-uagb-image--layout-default wp-block-uagb-image--effect-static wp-block-uagb-image--align-left\"><figure class=\"wp-block-uagb-image__figure\"><img decoding=\"async\" srcset=\"https:\/\/rs.umc.edu.dz\/mia\/wp-content\/uploads\/2025\/02\/mai2024-6-1024x683.jpg ,https:\/\/rs.umc.edu.dz\/mia\/wp-content\/uploads\/2025\/02\/mai2024-6.jpg 780w, https:\/\/rs.umc.edu.dz\/mia\/wp-content\/uploads\/2025\/02\/mai2024-6.jpg 360w\" sizes=\"auto, (max-width: 480px) 150px\" src=\"https:\/\/rs.umc.edu.dz\/mia\/wp-content\/uploads\/2025\/02\/mai2024-6-1024x683.jpg\" alt=\"\" class=\"uag-image-273\" width=\"500\" height=\"400\" title=\"mai2024-6\" loading=\"lazy\" role=\"img\"\/><\/figure><\/div>\n<\/div>\n\n\n\n<div class=\"wp-block-uagb-container uagb-layout-flex uagb-block-f38d5948\">\n<div class=\"wp-block-uagb-container uagb-layout-grid uagb-block-adcfbba8\">\n<div class=\"wp-block-uagb-advanced-heading uagb-block-b3c9acda\"><h2 class=\"uagb-heading-text\">02.<\/h2><\/div>\n\n\n\n<div class=\"wp-block-uagb-advanced-heading uagb-block-45689c19\"><h3 class=\"uagb-heading-text\">Accompagnement des startups<\/h3><p class=\"uagb-desc-text\">Nous fournissons un soutien strat\u00e9gique et des ressources pour aider les startups \u00e0 r\u00e9aliser leur potentiel et \u00e0 innover dans le domaine de l&rsquo;intelligence artificielle.<\/p><\/div>\n<\/div>\n\n\n\n<div class=\"wp-block-uagb-image alignleft uagb-block-c01a27df wp-block-uagb-image--layout-default wp-block-uagb-image--effect-static wp-block-uagb-image--align-left\"><figure class=\"wp-block-uagb-image__figure\"><img decoding=\"async\" srcset=\"https:\/\/rs.umc.edu.dz\/mia\/wp-content\/uploads\/2024\/10\/intro-bg-1024x576.jpg ,https:\/\/rs.umc.edu.dz\/mia\/wp-content\/uploads\/2024\/10\/intro-bg.jpg 780w, https:\/\/rs.umc.edu.dz\/mia\/wp-content\/uploads\/2024\/10\/intro-bg.jpg 360w\" sizes=\"auto, (max-width: 480px) 150px\" src=\"https:\/\/rs.umc.edu.dz\/mia\/wp-content\/uploads\/2024\/10\/intro-bg-1024x576.jpg\" alt=\"\" class=\"uag-image-11\" width=\"500\" height=\"400\" title=\"intro-bg\" loading=\"lazy\" role=\"img\"\/><\/figure><\/div>\n<\/div>\n\n\n\n<div class=\"wp-block-uagb-container uagb-layout-flex uagb-block-4ee57f3e\">\n<div class=\"wp-block-uagb-container uagb-layout-grid uagb-block-594a8eea\">\n<div class=\"wp-block-uagb-advanced-heading uagb-block-5d6c5941\"><h2 class=\"uagb-heading-text\">03.<\/h2><\/div>\n\n\n\n<div class=\"wp-block-uagb-advanced-heading uagb-block-8d75b0c9\"><h3 class=\"uagb-heading-text\">\u00c9v\u00e9nements et s\u00e9minaires<\/h3><p class=\"uagb-desc-text\">Nous organisons r\u00e9guli\u00e8rement des conf\u00e9rences, ateliers et s\u00e9minaires pour connecter \u00e9tudiants, chercheurs et professionnels autour de l&rsquo;intelligence artificielle.<\/p><\/div>\n<\/div>\n\n\n\n<div class=\"wp-block-uagb-image alignleft uagb-block-72d592a2 wp-block-uagb-image--layout-default wp-block-uagb-image--effect-static wp-block-uagb-image--align-left\"><figure class=\"wp-block-uagb-image__figure\"><img decoding=\"async\" srcset=\"https:\/\/rs.umc.edu.dz\/mia\/wp-content\/uploads\/2025\/02\/ncaia8-1024x683.jpg ,https:\/\/rs.umc.edu.dz\/mia\/wp-content\/uploads\/2025\/02\/ncaia8-scaled.jpg 780w, https:\/\/rs.umc.edu.dz\/mia\/wp-content\/uploads\/2025\/02\/ncaia8-scaled.jpg 360w\" sizes=\"auto, (max-width: 480px) 150px\" src=\"https:\/\/rs.umc.edu.dz\/mia\/wp-content\/uploads\/2025\/02\/ncaia8-1024x683.jpg\" alt=\"\" class=\"uag-image-289\" width=\"500\" height=\"400\" title=\"ncaia8\" loading=\"lazy\" role=\"img\"\/><\/figure><\/div>\n<\/div>\n\n\n\n<div class=\"wp-block-uagb-container uagb-layout-flex uagb-block-5b6aae16\">\n<div class=\"wp-block-uagb-container uagb-layout-grid uagb-block-7fd03271\">\n<div class=\"wp-block-uagb-advanced-heading uagb-block-c28dc3f2\"><h2 class=\"uagb-heading-text\">04.<\/h2><\/div>\n\n\n\n<div class=\"wp-block-uagb-advanced-heading uagb-block-584a0e4a\"><h3 class=\"uagb-heading-text\">Vulgarisation scientifique<\/h3><p class=\"uagb-desc-text\">Nous nous engageons \u00e0 rendre l&rsquo;intelligence artificielle accessible \u00e0 tous gr\u00e2ce \u00e0 des initiatives de vulgarisation et des ressources \u00e9ducatives.<\/p><\/div>\n<\/div>\n\n\n\n<div class=\"wp-block-uagb-image alignleft uagb-block-b67cef6d wp-block-uagb-image--layout-default wp-block-uagb-image--effect-static wp-block-uagb-image--align-left\"><figure class=\"wp-block-uagb-image__figure\"><img decoding=\"async\" srcset=\"https:\/\/rs.umc.edu.dz\/mia\/wp-content\/uploads\/2024\/10\/pngtree-female-entrepreneur-utilizing-3d-business-innovations-and-virtual-technology-with-futuristic-glasses-and-digital-graphics-empowered-by-generative-ai-photo-image_51633766.jpg ,https:\/\/rs.umc.edu.dz\/mia\/wp-content\/uploads\/2024\/10\/pngtree-female-entrepreneur-utilizing-3d-business-innovations-and-virtual-technology-with-futuristic-glasses-and-digital-graphics-empowered-by-generative-ai-photo-image_51633766.jpg 780w, https:\/\/rs.umc.edu.dz\/mia\/wp-content\/uploads\/2024\/10\/pngtree-female-entrepreneur-utilizing-3d-business-innovations-and-virtual-technology-with-futuristic-glasses-and-digital-graphics-empowered-by-generative-ai-photo-image_51633766.jpg 360w\" sizes=\"auto, (max-width: 480px) 150px\" src=\"https:\/\/rs.umc.edu.dz\/mia\/wp-content\/uploads\/2024\/10\/pngtree-female-entrepreneur-utilizing-3d-business-innovations-and-virtual-technology-with-futuristic-glasses-and-digital-graphics-empowered-by-generative-ai-photo-image_51633766.jpg\" alt=\"\" class=\"uag-image-8\" width=\"500\" height=\"400\" title=\"services-04\" loading=\"lazy\" role=\"img\"\/><\/figure><\/div>\n<\/div>\n<\/div><\/div>\n\n\n\n<div class=\"wp-block-uagb-container uagb-block-6f82293b alignfull uagb-is-root-container\"><div class=\"uagb-container__shape uagb-container__shape-top uagb-container__shape-flip\"><svg xmlns=\"https:\/\/www.w3.org\/2000\/svg\" viewBox=\"0 0 1000 100\" preserveAspectRatio=\"none\"><path class=\"uagb-container__shape-fill\" d=\"M0,6V0h1000v100L0,6z\"><\/path><\/svg><\/div><div class=\"uagb-container-inner-blocks-wrap\">\n<div class=\"wp-block-uagb-info-box uagb-block-2de13869 uagb-infobox__content-wrap  uagb-infobox-icon-above-title uagb-infobox-image-valign-top wp-block-uagb-info-box--has-margin\"><div class=\"uagb-infobox-margin-wrapper\"><div class=\"uagb-ifb-content\"><div class=\"uagb-ifb-title-wrap\"><span class=\"uagb-ifb-title-prefix\">Rejoignez-nous<\/span><h2 class=\"uagb-ifb-title\">Participez \u00e0 notre aventure sur l&rsquo;intelligence artificielle aujourd&rsquo;hui<\/h2><\/div><p class=\"uagb-ifb-desc\">Inscrivez-vous pour recevoir les derni\u00e8res nouvelles et opportunit\u00e9s de collaboration.<\/p><div class=\"uagb-ifb-button-wrapper wp-block-button\"><a href=\"https:\/\/rs.umc.edu.dz\/mia\/\" class=\"uagb-infobox-cta-link wp-block-button__link\" target=\"_self\" rel=\"noopener noreferrer\" onclick=\"return true;\"><span class=\"uagb-inline-editing\">D\u00e9couvrez-nous<\/span><\/a><\/div><\/div><\/div><\/div>\n<\/div><\/div>\n","protected":false},"excerpt":{"rendered":"<p>Services Nos services d\u00e9di\u00e9s \u00e0 l&rsquo;IA 01. Formation en IA Offrant des cours pratiques et th\u00e9oriques, nos formations visent \u00e0 [&hellip;]<\/p>\n","protected":false},"author":1,"featured_media":0,"parent":0,"menu_order":0,"comment_status":"closed","ping_status":"closed","template":"","meta":{"_uag_custom_page_level_css":"","site-sidebar-layout":"default","site-content-layout":"","ast-site-content-layout":"","site-content-style":"default","site-sidebar-style":"default","ast-global-header-display":"","ast-banner-title-visibility":"","ast-main-header-display":"","ast-hfb-above-header-display":"","ast-hfb-below-header-display":"","ast-hfb-mobile-header-display":"","site-post-title":"disabled","ast-breadcrumbs-content":"","ast-featured-img":"","footer-sml-layout":"","theme-transparent-header-meta":"","adv-header-id-meta":"","stick-header-meta":"","header-above-stick-meta":"","header-main-stick-meta":"","header-below-stick-meta":"","astra-migrate-meta-layouts":"default","ast-page-background-enabled":"default","ast-page-background-meta":{"desktop":{"background-color":"var(--ast-global-color-4)","background-image":"","background-repeat":"repeat","background-position":"center center","background-size":"auto","background-attachment":"scroll","background-type":"","background-media":"","overlay-type":"","overlay-color":"","overlay-opacity":"","overlay-gradient":""},"tablet":{"background-color":"","background-image":"","background-repeat":"repeat","background-position":"center center","background-size":"auto","background-attachment":"scroll","background-type":"","background-media":"","overlay-type":"","overlay-color":"","overlay-opacity":"","overlay-gradient":""},"mobile":{"background-color":"","background-image":"","background-repeat":"repeat","background-position":"center center","background-size":"auto","background-attachment":"scroll","background-type":"","background-media":"","overlay-type":"","overlay-color":"","overlay-opacity":"","overlay-gradient":""}},"ast-content-background-meta":{"desktop":{"background-color":"var(--ast-global-color-5)","background-image":"","background-repeat":"repeat","background-position":"center center","background-size":"auto","background-attachment":"scroll","background-type":"","background-media":"","overlay-type":"","overlay-color":"","overlay-opacity":"","overlay-gradient":""},"tablet":{"background-color":"var(--ast-global-color-5)","background-image":"","background-repeat":"repeat","background-position":"center center","background-size":"auto","background-attachment":"scroll","background-type":"","background-media":"","overlay-type":"","overlay-color":"","overlay-opacity":"","overlay-gradient":""},"mobile":{"background-color":"var(--ast-global-color-5)","background-image":"","background-repeat":"repeat","background-position":"center center","background-size":"auto","background-attachment":"scroll","background-type":"","background-media":"","overlay-type":"","overlay-color":"","overlay-opacity":"","overlay-gradient":""}},"footnotes":""},"class_list":["post-53","page","type-page","status-publish","hentry"],"uagb_featured_image_src":{"full":false,"thumbnail":false,"medium":false,"medium_large":false,"large":false,"1536x1536":false,"2048x2048":false},"uagb_author_info":{"display_name":"mia_admin","author_link":"https:\/\/rs.umc.edu.dz\/mia\/author\/mia_admin\/"},"uagb_comment_info":0,"uagb_excerpt":"Services Nos services d\u00e9di\u00e9s \u00e0 l&rsquo;IA 01. Formation en IA Offrant des cours pratiques et th\u00e9oriques, nos formations visent \u00e0 [&hellip;]","_links":{"self":[{"href":"https:\/\/rs.umc.edu.dz\/mia\/wp-json\/wp\/v2\/pages\/53","targetHints":{"allow":["GET"]}}],"collection":[{"href":"https:\/\/rs.umc.edu.dz\/mia\/wp-json\/wp\/v2\/pages"}],"about":[{"href":"https:\/\/rs.umc.edu.dz\/mia\/wp-json\/wp\/v2\/types\/page"}],"author":[{"embeddable":true,"href":"https:\/\/rs.umc.edu.dz\/mia\/wp-json\/wp\/v2\/users\/1"}],"replies":[{"embeddable":true,"href":"https:\/\/rs.umc.edu.dz\/mia\/wp-json\/wp\/v2\/comments?post=53"}],"version-history":[{"count":4,"href":"https:\/\/rs.umc.edu.dz\/mia\/wp-json\/wp\/v2\/pages\/53\/revisions"}],"predecessor-version":[{"id":346,"href":"https:\/\/rs.umc.edu.dz\/mia\/wp-json\/wp\/v2\/pages\/53\/revisions\/346"}],"wp:attachment":[{"href":"https:\/\/rs.umc.edu.dz\/mia\/wp-json\/wp\/v2\/media?parent=53"}],"curies":[{"name":"wp","href":"https:\/\/api.w.org\/{rel}","templated":true}]}}