{"id":54,"date":"2024-10-03T16:08:55","date_gmt":"2024-10-03T15:08:55","guid":{"rendered":"https:\/\/rs.umc.edu.dz\/mia\/contact\/"},"modified":"2026-02-08T11:57:28","modified_gmt":"2026-02-08T10:57:28","slug":"contact","status":"publish","type":"page","link":"https:\/\/rs.umc.edu.dz\/mia\/contact\/","title":{"rendered":"Contact"},"content":{"rendered":"\n<div class=\"wp-block-uagb-container uagb-block-a6be1363 alignfull uagb-is-root-container\"><div class=\"uagb-container__shape uagb-container__shape-bottom uagb-container__shape-flip uagb-container__invert\" data-negative=\"false\"><svg xmlns=\"https:\/\/www.w3.org\/2000\/svg\" viewBox=\"0 0 1000 100\" preserveAspectRatio=\"none\"><path class=\"uagb-container__shape-fill\" d=\"M0,6V0h1000v100L0,6z\"><\/path><\/svg><\/div><div class=\"uagb-container-inner-blocks-wrap\">\n<div class=\"wp-block-uagb-advanced-heading uagb-block-81d18f4d\"><p class=\"uagb-desc-text\">Contact<\/p><h1 class=\"uagb-heading-text\">Nous contacter pour plus d&rsquo;informations<\/h1><\/div>\n<\/div><\/div>\n\n\n\n<div class=\"wp-block-uagb-container uagb-block-a2d304eb alignfull uagb-is-root-container\"><div class=\"uagb-container__shape uagb-container__shape-bottom uagb-container__shape-flip uagb-container__invert\" data-negative=\"false\"><svg xmlns=\"https:\/\/www.w3.org\/2000\/svg\" viewBox=\"0 0 1000 100\" preserveAspectRatio=\"none\"><path class=\"uagb-container__shape-fill\" d=\"M0,6V0h1000v100L0,6z\"><\/path><\/svg><\/div><div class=\"uagb-container-inner-blocks-wrap\">\n<div class=\"wp-block-uagb-advanced-heading uagb-block-1fd5f659\"><p class=\"uagb-desc-text\">Restons en contact<\/p><h2 class=\"uagb-heading-text\">N&rsquo;h\u00e9sitez pas \u00e0 nous \u00e9crire ou appeler<\/h2><\/div>\n\n\n\n<div class=\"wp-block-uagb-container uagb-block-078241dc\">\n<div class=\"wp-block-uagb-advanced-heading uagb-block-a775041b\"><div class=\"uagb-heading-text\">T\u00e9l\u00e9phone<\/div><\/div>\n\n\n\n<div class=\"wp-block-uagb-advanced-heading uagb-block-bacfd3a3\"><div class=\"uagb-heading-text\">E-mail<\/div><p class=\"uagb-desc-text\">mia@umc.edu.dz<\/p><\/div>\n\n\n\n<div class=\"wp-block-uagb-advanced-heading uagb-block-331c05bb\"><div class=\"uagb-heading-text\">Adresse<\/div><p class=\"uagb-desc-text\">Salle des conf\u00e9rence 500 places &#8211; Universit\u00e9 Constantine 1 Fr\u00e8re Mentouri<\/p><\/div>\n\n\n\n<div class=\"wp-block-uagb-container uagb-block-443055f5\">\n<div class=\"wp-block-uagb-advanced-heading uagb-block-45d98320\"><div class=\"uagb-heading-text\">M\u00e9dias sociaux<\/div><\/div>\n\n\n\n<div class=\"wp-block-uagb-icon-list uagb-block-27cb2f14\"><div class=\"uagb-icon-list__wrap\">\n<div class=\"wp-block-uagb-icon-list-child uagb-block-fd15eccd\"><a target=\"_blank\" aria-label=\"List item\" rel=\"noopener noreferrer\" href=\"https:\/\/www.facebook.com\/profile.php?id=61572269618088\"> <\/a><span class=\"uagb-icon-list__source-wrap\"><svg xmlns=\"https:\/\/www.w3.org\/2000\/svg\" viewBox=\"0 0 512 512\"><path d=\"M504 256C504 119 393 8 256 8S8 119 8 256c0 123.8 90.69 226.4 209.3 245V327.7h-63V256h63v-54.64c0-62.15 37-96.48 93.67-96.48 27.14 0 55.52 4.84 55.52 4.84v61h-31.28c-30.8 0-40.41 19.12-40.41 38.73V256h68.78l-11 71.69h-57.78V501C413.3 482.4 504 379.8 504 256z\"><\/path><\/svg><\/span><\/div>\n<\/div><\/div>\n<\/div>\n<\/div>\n<\/div><\/div>\n\n\n\n<div class=\"wp-block-uagb-container uagb-layout-grid uagb-block-b35a9a4b alignfull uagb-is-root-container\"><div class=\"uagb-container-inner-blocks-wrap\">\n<div class=\"wp-block-uagb-container uagb-block-67c1e4f4\">\n<div class=\"wp-block-uagb-advanced-heading uagb-block-63a3ae2e\"><h2 class=\"uagb-heading-text\">Formulaire de contact<\/h2><\/div>\n\n\n\n<div class=\"wp-block-uagb-forms uagb-forms__outer-wrap uagb-block-cddf3031 uagb-forms__medium-btn\"><form class=\"uagb-forms-main-form\" method=\"post\" autocomplete=\"on\" name=\"uagb-form-cddf3031\">\n<div class=\"wp-block-uagb-forms-name uagb-forms-name-wrap uagb-forms-field-set uagb-block-1e531169\"><div class=\"uagb-forms-name-label required uagb-forms-input-label\" id=\"1e531169\">First Name<\/div><input type=\"text\" placeholder=\"Nom\" required class=\"uagb-forms-name-input uagb-forms-input\" name=\"1e531169\" autocomplete=\"given-name\"\/><\/div>\n\n\n\n<div class=\"wp-block-uagb-forms-email uagb-forms-email-wrap uagb-forms-field-set uagb-block-12a8601e\"><div class=\"uagb-forms-email-label  uagb-forms-input-label\" id=\"12a8601e\">Email<\/div><input type=\"email\" class=\"uagb-forms-email-input uagb-forms-input\" placeholder=\"E-mail\" name=\"12a8601e\" autocomplete=\"email\"\/><\/div>\n\n\n\n<div class=\"wp-block-uagb-forms-textarea uagb-forms-textarea-wrap uagb-forms-field-set uagb-block-14fa1dcd\"><div class=\"uagb-forms-textarea-label required uagb-forms-input-label\" id=\"14fa1dcd\">Message<\/div><textarea required class=\"uagb-forms-textarea-input uagb-forms-input\" rows=\"6\" placeholder=\"Message\" name=\"14fa1dcd\" autocomplete=\"off\"><\/textarea><\/div>\n<div class=\"uagb-forms-form-hidden-data\"><input type=\"hidden\" class=\"uagb_forms_form_label\" value=\"Spectra Form\"\/><input type=\"hidden\" class=\"uagb_forms_form_id\" value=\"uagb-form-cddf3031\"\/><\/div><div class=\"uagb-form-reacaptcha-error-cddf3031\"><\/div><div class=\"uagb-forms-main-submit-button-wrap wp-block-button\"><button class=\"uagb-forms-main-submit-button wp-block-button__link\"><div class=\"uagb-forms-main-submit-button-text\">Soumettre<\/div><\/button><\/div><\/form><div class=\"uagb-forms-success-message-cddf3031 uagb-forms-submit-message-hide\"><span>The form has been submitted successfully!<\/span><\/div><div class=\"uagb-forms-failed-message-cddf3031 uagb-forms-submit-message-hide\"><span>There has been some error while submitting the form. Please verify all form fields again.<\/span><\/div><\/div>\n<\/div>\n\n\n\t\t\t<div \n\t\t\tclass=\"wp-block-uagb-google-map uagb-google-map__wrap uagb-block-f38b1dd8     \"\n\t\t\tstyle=\"\" >\n\t\t\t\t<embed\n\t\t\t\t\tclass=\"uagb-google-map__iframe\"\n\t\t\t\t\ttitle=\"Carte Google pour \"\n\t\t\t\t\tsrc=\"https:\/\/maps.google.com\/maps?q=Salle%20des%20conf%C3%A9rence%20500%20places%20-%20Universit%C3%A9%20Constantine%201%20Fr%C3%A8re%20Mentouri&#038;z=12&#038;hl=en&#038;t=m&#038;output=embed&#038;iwloc=near\"\n\t\t\t\t\twidth=\"640\"\n\t\t\t\t\theight=\"500\"\n\t\t\t\t\tloading=\"lazy\"\n\t\t\t\t><\/embed>\n\t\t\t<\/div>\n\t\t\t<\/div><\/div>\n\n\n\n<div class=\"wp-block-uagb-container uagb-block-6f82293b alignfull uagb-is-root-container\"><div class=\"uagb-container__shape uagb-container__shape-top uagb-container__shape-flip\"><svg xmlns=\"https:\/\/www.w3.org\/2000\/svg\" viewBox=\"0 0 1000 100\" preserveAspectRatio=\"none\"><path class=\"uagb-container__shape-fill\" d=\"M0,6V0h1000v100L0,6z\"><\/path><\/svg><\/div><div class=\"uagb-container-inner-blocks-wrap\">\n<div class=\"wp-block-uagb-info-box uagb-block-2de13869 uagb-infobox__content-wrap  uagb-infobox-icon-above-title uagb-infobox-image-valign-top wp-block-uagb-info-box--has-margin\"><div class=\"uagb-infobox-margin-wrapper\"><div class=\"uagb-ifb-content\"><div class=\"uagb-ifb-title-wrap\"><span class=\"uagb-ifb-title-prefix\">Rejoignez-nous<\/span><h2 class=\"uagb-ifb-title\">Participez \u00e0 notre aventure sur l&rsquo;intelligence artificielle aujourd&rsquo;hui<\/h2><\/div><p class=\"uagb-ifb-desc\">Inscrivez-vous pour recevoir les derni\u00e8res nouvelles et opportunit\u00e9s de collaboration.<\/p><div class=\"uagb-ifb-button-wrapper wp-block-button\"><a href=\"https:\/\/rs.umc.edu.dz\/mia\/\" class=\"uagb-infobox-cta-link wp-block-button__link\" target=\"_self\" rel=\"noopener noreferrer\" onclick=\"return true;\"><span class=\"uagb-inline-editing\">D\u00e9couvrez-nous<\/span><\/a><\/div><\/div><\/div><\/div>\n<\/div><\/div>\n","protected":false},"excerpt":{"rendered":"<p>Contact Nous contacter pour plus d&rsquo;informations Restons en contact N&rsquo;h\u00e9sitez pas \u00e0 nous \u00e9crire ou appeler T\u00e9l\u00e9phone E-mail mia@umc.edu.dz Adresse [&hellip;]<\/p>\n","protected":false},"author":1,"featured_media":0,"parent":0,"menu_order":0,"comment_status":"closed","ping_status":"closed","template":"","meta":{"_uag_custom_page_level_css":"","site-sidebar-layout":"default","site-content-layout":"","ast-site-content-layout":"","site-content-style":"default","site-sidebar-style":"default","ast-global-header-display":"","ast-banner-title-visibility":"","ast-main-header-display":"","ast-hfb-above-header-display":"","ast-hfb-below-header-display":"","ast-hfb-mobile-header-display":"","site-post-title":"disabled","ast-breadcrumbs-content":"","ast-featured-img":"","footer-sml-layout":"","theme-transparent-header-meta":"","adv-header-id-meta":"","stick-header-meta":"","header-above-stick-meta":"","header-main-stick-meta":"","header-below-stick-meta":"","astra-migrate-meta-layouts":"default","ast-page-background-enabled":"default","ast-page-background-meta":{"desktop":{"background-color":"var(--ast-global-color-4)","background-image":"","background-repeat":"repeat","background-position":"center center","background-size":"auto","background-attachment":"scroll","background-type":"","background-media":"","overlay-type":"","overlay-color":"","overlay-opacity":"","overlay-gradient":""},"tablet":{"background-color":"","background-image":"","background-repeat":"repeat","background-position":"center center","background-size":"auto","background-attachment":"scroll","background-type":"","background-media":"","overlay-type":"","overlay-color":"","overlay-opacity":"","overlay-gradient":""},"mobile":{"background-color":"","background-image":"","background-repeat":"repeat","background-position":"center center","background-size":"auto","background-attachment":"scroll","background-type":"","background-media":"","overlay-type":"","overlay-color":"","overlay-opacity":"","overlay-gradient":""}},"ast-content-background-meta":{"desktop":{"background-color":"var(--ast-global-color-5)","background-image":"","background-repeat":"repeat","background-position":"center center","background-size":"auto","background-attachment":"scroll","background-type":"","background-media":"","overlay-type":"","overlay-color":"","overlay-opacity":"","overlay-gradient":""},"tablet":{"background-color":"var(--ast-global-color-5)","background-image":"","background-repeat":"repeat","background-position":"center center","background-size":"auto","background-attachment":"scroll","background-type":"","background-media":"","overlay-type":"","overlay-color":"","overlay-opacity":"","overlay-gradient":""},"mobile":{"background-color":"var(--ast-global-color-5)","background-image":"","background-repeat":"repeat","background-position":"center center","background-size":"auto","background-attachment":"scroll","background-type":"","background-media":"","overlay-type":"","overlay-color":"","overlay-opacity":"","overlay-gradient":""}},"footnotes":""},"class_list":["post-54","page","type-page","status-publish","hentry"],"uagb_featured_image_src":{"full":false,"thumbnail":false,"medium":false,"medium_large":false,"large":false,"1536x1536":false,"2048x2048":false},"uagb_author_info":{"display_name":"mia_admin","author_link":"https:\/\/rs.umc.edu.dz\/mia\/author\/mia_admin\/"},"uagb_comment_info":0,"uagb_excerpt":"Contact Nous contacter pour plus d&rsquo;informations Restons en contact N&rsquo;h\u00e9sitez pas \u00e0 nous \u00e9crire ou appeler T\u00e9l\u00e9phone E-mail mia@umc.edu.dz Adresse [&hellip;]","_links":{"self":[{"href":"https:\/\/rs.umc.edu.dz\/mia\/wp-json\/wp\/v2\/pages\/54","targetHints":{"allow":["GET"]}}],"collection":[{"href":"https:\/\/rs.umc.edu.dz\/mia\/wp-json\/wp\/v2\/pages"}],"about":[{"href":"https:\/\/rs.umc.edu.dz\/mia\/wp-json\/wp\/v2\/types\/page"}],"author":[{"embeddable":true,"href":"https:\/\/rs.umc.edu.dz\/mia\/wp-json\/wp\/v2\/users\/1"}],"replies":[{"embeddable":true,"href":"https:\/\/rs.umc.edu.dz\/mia\/wp-json\/wp\/v2\/comments?post=54"}],"version-history":[{"count":4,"href":"https:\/\/rs.umc.edu.dz\/mia\/wp-json\/wp\/v2\/pages\/54\/revisions"}],"predecessor-version":[{"id":440,"href":"https:\/\/rs.umc.edu.dz\/mia\/wp-json\/wp\/v2\/pages\/54\/revisions\/440"}],"wp:attachment":[{"href":"https:\/\/rs.umc.edu.dz\/mia\/wp-json\/wp\/v2\/media?parent=54"}],"curies":[{"name":"wp","href":"https:\/\/api.w.org\/{rel}","templated":true}]}}